{"id":76,"date":"2017-12-28T11:18:53","date_gmt":"2017-12-28T11:18:53","guid":{"rendered":"http:\/\/chinese-boxing-institute.de\/?page_id=76"},"modified":"2024-04-22T16:26:40","modified_gmt":"2024-04-22T16:26:40","slug":"das-buch","status":"publish","type":"page","link":"http:\/\/chinese-boxing-institute.de\/chinese-boxing-starten\/das-buch\/","title":{"rendered":"Das Grundlagenbuch"},"content":{"rendered":"<div data-elementor-type=\"wp-page\" data-elementor-id=\"76\" class=\"elementor elementor-76\" data-elementor-post-type=\"page\">\n\t\t\t\t\t\t<section class=\"elementor-section elementor-top-section elementor-element elementor-element-37726f67 elementor-section-boxed elementor-section-height-default elementor-section-height-default\" data-id=\"37726f67\" data-element_type=\"section\" data-settings=\"{&quot;background_background&quot;:&quot;classic&quot;}\">\n\t\t\t\t\t\t\t<div class=\"elementor-background-overlay\"><\/div>\n\t\t\t\t\t\t\t<div class=\"elementor-container elementor-column-gap-default\">\n\t\t\t\t\t<div class=\"elementor-column elementor-col-100 elementor-top-column elementor-element elementor-element-f1e3173 elementor-invisible\" data-id=\"f1e3173\" data-element_type=\"column\" data-settings=\"{&quot;animation&quot;:&quot;fadeInUp&quot;}\">\n\t\t\t<div class=\"elementor-widget-wrap elementor-element-populated\">\n\t\t\t\t\t\t<div class=\"elementor-element elementor-element-28a7836c de_scroll_animation_no elementor-invisible elementor-widget elementor-widget-heading\" data-id=\"28a7836c\" data-element_type=\"widget\" data-settings=\"{&quot;_animation&quot;:&quot;fadeInUp&quot;}\" data-widget_type=\"heading.default\">\n\t\t\t\t<div class=\"elementor-widget-container\">\n\t\t\t<h2 class=\"elementor-heading-title elementor-size-default\">Das Grundlagenbuch<\/h2>\t\t<\/div>\n\t\t\t\t<\/div>\n\t\t\t\t\t<\/div>\n\t\t<\/div>\n\t\t\t\t\t<\/div>\n\t\t<\/section>\n\t\t\t\t<section class=\"elementor-section elementor-top-section elementor-element elementor-element-2ce6e0eb elementor-section-boxed elementor-section-height-default elementor-section-height-default\" data-id=\"2ce6e0eb\" data-element_type=\"section\">\n\t\t\t\t\t\t<div class=\"elementor-container elementor-column-gap-default\">\n\t\t\t\t\t<div class=\"elementor-column elementor-col-100 elementor-top-column elementor-element elementor-element-790ce89b elementor-invisible\" data-id=\"790ce89b\" data-element_type=\"column\" data-settings=\"{&quot;animation&quot;:&quot;fadeIn&quot;}\">\n\t\t\t<div class=\"elementor-widget-wrap elementor-element-populated\">\n\t\t\t\t\t\t<div class=\"elementor-element elementor-element-23a67d00 elementor-drop-cap-yes elementor-drop-cap-view-default de_scroll_animation_no elementor-widget elementor-widget-text-editor\" data-id=\"23a67d00\" data-element_type=\"widget\" data-settings=\"{&quot;drop_cap&quot;:&quot;yes&quot;}\" data-widget_type=\"text-editor.default\">\n\t\t\t\t<div class=\"elementor-widget-container\">\n\t\t\t\t\t\t\t<p class=\"p1\">Drei Jahre Arbeit, einige Tausend Kilometer Reisewege, eine nicht n\u00e4her bestimmbare Zeitspanne des Lernens, Ausprobierens, Visualisierens. Daru\u0308ber reden, verwerfen und neu versuchen, all das steckt in den Seiten, den Bildern und den Videos, die dieses Buch ausmachen.<\/p><p>Dieses erste deutschsprachige Grundlagenwerk bietet ausf\u00fchrliche Erkl\u00e4rungen zur K\u00f6rperarbeit, Basistechniken und Einzel- sowie auch Partner\u00fcbungen \u2013 unterst\u00fctzt von\u00a0<a href=\"http:\/\/chinese-boxing-institute.de\/uebungen\/\" target=\"_blank\" rel=\"noopener\">Videolinks<\/a>\u00a0auf dieser Internetseite zum einfacheren Verst\u00e4ndnis. Es ist ein stil\u00fcbergreifendes Grundlagenbuch, das jedem Kampfk\u00fcnstler und an Kampfkunst Interessierten beim Entdecken und Entwickeln der eigenen Energie und F\u00e4higkeiten unterst\u00fctzen will. Dazu geh\u00f6ren neben einem ausf\u00fchrlichen \u00dcbungsteil historische Zusammenh\u00e4nge und auch eine Analyse der rechtlichen Situation von Kampfk\u00fcnstlern im Ernstfall.<\/p>\t\t\t\t\t\t<\/div>\n\t\t\t\t<\/div>\n\t\t\t\t<div class=\"elementor-element elementor-element-3973b53 de_scroll_animation_no elementor-widget elementor-widget-image\" data-id=\"3973b53\" data-element_type=\"widget\" data-widget_type=\"image.default\">\n\t\t\t\t<div class=\"elementor-widget-container\">\n\t\t\t\t\t\t\t\t\t\t\t\t\t<img fetchpriority=\"high\" decoding=\"async\" width=\"2345\" height=\"742\" src=\"http:\/\/chinese-boxing-institute.de\/wp-content\/uploads\/2018\/01\/Bildschirmfoto-2018-01-12-um-17.04.48.png\" class=\"attachment-full size-full wp-image-149\" alt=\"\" srcset=\"http:\/\/chinese-boxing-institute.de\/wp-content\/uploads\/2018\/01\/Bildschirmfoto-2018-01-12-um-17.04.48.png 2345w, http:\/\/chinese-boxing-institute.de\/wp-content\/uploads\/2018\/01\/Bildschirmfoto-2018-01-12-um-17.04.48-300x95.png 300w, http:\/\/chinese-boxing-institute.de\/wp-content\/uploads\/2018\/01\/Bildschirmfoto-2018-01-12-um-17.04.48-768x243.png 768w, http:\/\/chinese-boxing-institute.de\/wp-content\/uploads\/2018\/01\/Bildschirmfoto-2018-01-12-um-17.04.48-1024x324.png 1024w\" sizes=\"(max-width: 2345px) 100vw, 2345px\" \/>\t\t\t\t\t\t\t\t\t\t\t\t\t<\/div>\n\t\t\t\t<\/div>\n\t\t\t\t<div class=\"elementor-element elementor-element-3c1363df de_scroll_animation_no elementor-widget elementor-widget-heading\" data-id=\"3c1363df\" data-element_type=\"widget\" data-widget_type=\"heading.default\">\n\t\t\t\t<div class=\"elementor-widget-container\">\n\t\t\t<h2 class=\"elementor-heading-title elementor-size-default\">Eine Reise der pers\u00f6nlichen Entwicklung und des kontinuierlichen Trainings<\/h2>\t\t<\/div>\n\t\t\t\t<\/div>\n\t\t\t\t<section class=\"elementor-section elementor-inner-section elementor-element elementor-element-6863138b elementor-section-boxed elementor-section-height-default elementor-section-height-default\" data-id=\"6863138b\" data-element_type=\"section\">\n\t\t\t\t\t\t<div class=\"elementor-container elementor-column-gap-default\">\n\t\t\t\t\t<div class=\"elementor-column elementor-col-100 elementor-inner-column elementor-element elementor-element-76c298b1\" data-id=\"76c298b1\" data-element_type=\"column\">\n\t\t\t<div class=\"elementor-widget-wrap elementor-element-populated\">\n\t\t\t\t\t\t<div class=\"elementor-element elementor-element-3558d90b elementor-drop-cap-yes elementor-drop-cap-view-default de_scroll_animation_no elementor-widget elementor-widget-text-editor\" data-id=\"3558d90b\" data-element_type=\"widget\" data-settings=\"{&quot;drop_cap&quot;:&quot;yes&quot;}\" data-widget_type=\"text-editor.default\">\n\t\t\t\t<div class=\"elementor-widget-container\">\n\t\t\t\t\t\t\t<p class=\"p1\">Unser Buch ist nicht per se fu\u0308r ein Selbststudium geeignet und wir\u00a0sind u\u0308berzeugt, dass ein Einstieg ins Chinesische Boxen nur in der pers\u00f6nlichen Interaktion mit anderen Lernenden und in Begleitung eines Trainers m\u00f6glich ist. Die dargestellten Prinzipien existieren seit Jahrhunderten und entwickeln sich erst seit wenigen Jahrzehnten auch au\u00dferhalb Chinas weiter. Wir sind stolz, Teil dieser Entwicklung sein zu k\u00f6nnen, und verwehren uns entschieden gegen jede traditionalistische Vereinnahmung durch einzelne Stile und Schulen. Wenn die Prinzipien des Chinesischen Boxens uns eines lehren, dann die Tatsache, dass alles im Fluss und in Ver\u00e4nderung ist. Somit ist fu\u0308r uns alles Innere Kunst, in dem die zehn\u00a0<a href=\"http:\/\/chinese-boxing-institute.de\/prinzipien\/\" target=\"_blank\" rel=\"noopener\">Prinzipien<\/a> erkennbar sind und was in der Luft (Soloform), am Partner und am Apparat (Sandsack, Holzpuppe, Schlagpolster) gleicherma\u00dfen funktioniert.<\/p><p class=\"p1\">Der Weg zum Erkennen der Prinzipien, nicht nur in den eigenen Bewegungen, sondern letztlich im eigenen Selbst und Sein, ist ein langer, h\u00e4ufig auch Geduld erfordernder Prozess. Das Erlernen der Prinzipien verl\u00e4uft nicht kontinuierlich im Sinne einer Gleichung von soundsoviele Trainingseinheiten pro Woche = Erfolg. Manche Stufen lassen sich leicht und fast mu\u0308helos erklimmen, manche dauern Jahre und oft stellt sich Erfolg pl\u00f6tzlich in einer Art Quantensprung ein. Die Kunst reift im Lernenden auf jeweils eigene und individuelle Art und aus eigener Erfahrung k\u00f6nnen wir leider nur best\u00e4tigen, dass es keine Abku\u0308rzungen und Geheimwege zu diesem Erfolg gibt. Daher raten wir zu Vorsicht gegenu\u0308ber Anbietern, die quasi eine schnelle \u201eErleuchtung\u201c versprechen.<\/p><p class=\"p1\">Ein sicherer Erfolgsfaktor ist hingegen ein regelm\u00e4\u00dfiges und mit der eigenen Erfahrung genauer werdendes Training der in diesem Buch beschriebenen Basistechniken. Auch wenn Sie die Prinzipien beherrschen, lohnt es sich, immer wieder zu den Basistechniken im Training zuru\u0308ckzukehren. Das Haus ist eben h\u00e4ufig nur so gut wie sein Fundament.<\/p><p>Das Buch ist bei <a href=\"https:\/\/www.amazon.de\/Chinese-Boxing-Innere-Chinesische-Kampfkunst\/dp\/1987756606\/ref=sr_1_1?ie=UTF8&amp;qid=1529677244&amp;sr=8-1&amp;keywords=chinese+boxing\" target=\"_blank\" rel=\"noopener\">Amazon<\/a> erh\u00e4ltlich.<\/p>\t\t\t\t\t\t<\/div>\n\t\t\t\t<\/div>\n\t\t\t\t\t<\/div>\n\t\t<\/div>\n\t\t\t\t\t<\/div>\n\t\t<\/section>\n\t\t\t\t\t<\/div>\n\t\t<\/div>\n\t\t\t\t\t<\/div>\n\t\t<\/section>\n\t\t\t\t<section class=\"elementor-section elementor-top-section elementor-element elementor-element-a0e9c9d elementor-section-boxed elementor-section-height-default elementor-section-height-default\" data-id=\"a0e9c9d\" data-element_type=\"section\" data-settings=\"{&quot;background_background&quot;:&quot;classic&quot;}\">\n\t\t\t\t\t\t<div class=\"elementor-container elementor-column-gap-default\">\n\t\t\t\t\t<div class=\"elementor-column elementor-col-33 elementor-top-column elementor-element elementor-element-db00b57\" data-id=\"db00b57\" data-element_type=\"column\">\n\t\t\t<div class=\"elementor-widget-wrap elementor-element-populated\">\n\t\t\t\t\t\t<div class=\"elementor-element elementor-element-e8fbc4a elementor-align-center de_scroll_animation_no elementor-widget elementor-widget-button\" data-id=\"e8fbc4a\" data-element_type=\"widget\" data-widget_type=\"button.default\">\n\t\t\t\t<div class=\"elementor-widget-container\">\n\t\t\t\t\t<div class=\"elementor-button-wrapper\">\n\t\t\t<a class=\"elementor-button elementor-button-link elementor-size-sm\" href=\"http:\/\/chinese-boxing-institute.de\/chinese-boxing-starten\/uebungen\/\">\n\t\t\t\t\t\t<span class=\"elementor-button-content-wrapper\">\n\t\t\t\t\t\t\t\t\t<span class=\"elementor-button-text\">\u00dcbungsvideos passwortgesch\u00fctz<\/span>\n\t\t\t\t\t<\/span>\n\t\t\t\t\t<\/a>\n\t\t<\/div>\n\t\t\t\t<\/div>\n\t\t\t\t<\/div>\n\t\t\t\t\t<\/div>\n\t\t<\/div>\n\t\t\t\t<div class=\"elementor-column elementor-col-33 elementor-top-column elementor-element elementor-element-fde15ec\" data-id=\"fde15ec\" data-element_type=\"column\">\n\t\t\t<div class=\"elementor-widget-wrap elementor-element-populated\">\n\t\t\t\t\t\t<div class=\"elementor-element elementor-element-2141d09 elementor-align-center de_scroll_animation_no elementor-widget elementor-widget-button\" data-id=\"2141d09\" data-element_type=\"widget\" data-widget_type=\"button.default\">\n\t\t\t\t<div class=\"elementor-widget-container\">\n\t\t\t\t\t<div class=\"elementor-button-wrapper\">\n\t\t\t<a class=\"elementor-button elementor-button-link elementor-size-sm\" href=\"https:\/\/www.amazon.de\/Chinese-Boxing-Innere-Chinesische-Kampfkunst\/dp\/1987756606\/ref=sr_1_1?ie=UTF8&#038;qid=1529677244&#038;sr=8-1&#038;keywords=chinese+boxing\" target=\"_blank\">\n\t\t\t\t\t\t<span class=\"elementor-button-content-wrapper\">\n\t\t\t\t\t\t\t\t\t<span class=\"elementor-button-text\">Buch erh\u00e4ltlich \u00fcber Amazon<\/span>\n\t\t\t\t\t<\/span>\n\t\t\t\t\t<\/a>\n\t\t<\/div>\n\t\t\t\t<\/div>\n\t\t\t\t<\/div>\n\t\t\t\t\t<\/div>\n\t\t<\/div>\n\t\t\t\t<div class=\"elementor-column elementor-col-33 elementor-top-column elementor-element elementor-element-9108f81\" data-id=\"9108f81\" data-element_type=\"column\">\n\t\t\t<div class=\"elementor-widget-wrap elementor-element-populated\">\n\t\t\t\t\t\t<div class=\"elementor-element elementor-element-b4626b5 elementor-align-center de_scroll_animation_no elementor-widget elementor-widget-button\" data-id=\"b4626b5\" data-element_type=\"widget\" data-widget_type=\"button.default\">\n\t\t\t\t<div class=\"elementor-widget-container\">\n\t\t\t\t\t<div class=\"elementor-button-wrapper\">\n\t\t\t<a class=\"elementor-button elementor-button-link elementor-size-sm\" href=\"http:\/\/chinese-boxing-institute.de\/wp-content\/uploads\/2024\/04\/Chinese-Boxing-Buch-Leseprobe.pdf\" target=\"_blank\">\n\t\t\t\t\t\t<span class=\"elementor-button-content-wrapper\">\n\t\t\t\t\t\t\t\t\t<span class=\"elementor-button-text\">Leseprobe Grundlagenbuch<\/span>\n\t\t\t\t\t<\/span>\n\t\t\t\t\t<\/a>\n\t\t<\/div>\n\t\t\t\t<\/div>\n\t\t\t\t<\/div>\n\t\t\t\t\t<\/div>\n\t\t<\/div>\n\t\t\t\t\t<\/div>\n\t\t<\/section>\n\t\t\t\t<\/div>","protected":false},"excerpt":{"rendered":"<p>Das Grundlagenbuch Drei Jahre Arbeit, einige Tausend Kilometer Reisewege, eine nicht n\u00e4her bestimmbare Zeitspanne des Lernens, Ausprobierens, Visualisierens. Daru\u0308ber reden, verwerfen und neu versuchen, all das steckt in den Seiten, den Bildern und den Videos, die dieses Buch ausmachen. Dieses erste deutschsprachige Grundlagenwerk bietet ausf\u00fchrliche Erkl\u00e4rungen zur K\u00f6rperarbeit, Basistechniken und Einzel- sowie auch Partner\u00fcbungen \u2013 [&hellip;]<\/p>\n","protected":false},"author":1,"featured_media":0,"parent":0,"menu_order":0,"comment_status":"closed","ping_status":"closed","template":"","meta":{"_monsterinsights_skip_tracking":false,"_monsterinsights_sitenote_active":false,"_monsterinsights_sitenote_note":"","_monsterinsights_sitenote_category":0,"footnotes":""},"_links":{"self":[{"href":"http:\/\/chinese-boxing-institute.de\/chinese-boxing-starten\/wp-json\/wp\/v2\/pages\/76"}],"collection":[{"href":"http:\/\/chinese-boxing-institute.de\/chinese-boxing-starten\/wp-json\/wp\/v2\/pages"}],"about":[{"href":"http:\/\/chinese-boxing-institute.de\/chinese-boxing-starten\/wp-json\/wp\/v2\/types\/page"}],"author":[{"embeddable":true,"href":"http:\/\/chinese-boxing-institute.de\/chinese-boxing-starten\/wp-json\/wp\/v2\/users\/1"}],"replies":[{"embeddable":true,"href":"http:\/\/chinese-boxing-institute.de\/chinese-boxing-starten\/wp-json\/wp\/v2\/comments?post=76"}],"version-history":[{"count":50,"href":"http:\/\/chinese-boxing-institute.de\/chinese-boxing-starten\/wp-json\/wp\/v2\/pages\/76\/revisions"}],"predecessor-version":[{"id":16412,"href":"http:\/\/chinese-boxing-institute.de\/chinese-boxing-starten\/wp-json\/wp\/v2\/pages\/76\/revisions\/16412"}],"wp:attachment":[{"href":"http:\/\/chinese-boxing-institute.de\/chinese-boxing-starten\/wp-json\/wp\/v2\/media?parent=76"}],"curies":[{"name":"wp","href":"https:\/\/api.w.org\/{rel}","templated":true}]}}