{"id":55,"date":"2017-03-23T08:20:23","date_gmt":"2017-03-23T08:20:23","guid":{"rendered":"http:\/\/chinese-boxing-institute.de\/?page_id=55"},"modified":"2024-04-18T15:46:12","modified_gmt":"2024-04-18T15:46:12","slug":"prinzipien","status":"publish","type":"page","link":"http:\/\/chinese-boxing-institute.de\/chinese-boxing-starten\/prinzipien\/","title":{"rendered":"Prinzipien"},"content":{"rendered":"<div data-elementor-type=\"wp-page\" data-elementor-id=\"55\" class=\"elementor elementor-55\" data-elementor-post-type=\"page\">\n\t\t\t\t\t\t<section class=\"elementor-section elementor-top-section elementor-element elementor-element-559e63b2 elementor-section-boxed elementor-section-height-default elementor-section-height-default\" data-id=\"559e63b2\" data-element_type=\"section\" data-settings=\"{&quot;background_background&quot;:&quot;classic&quot;}\">\n\t\t\t\t\t\t\t<div class=\"elementor-background-overlay\"><\/div>\n\t\t\t\t\t\t\t<div class=\"elementor-container elementor-column-gap-default\">\n\t\t\t\t\t<div class=\"elementor-column elementor-col-100 elementor-top-column elementor-element elementor-element-4336956f elementor-invisible\" data-id=\"4336956f\" data-element_type=\"column\" data-settings=\"{&quot;animation&quot;:&quot;fadeInUp&quot;}\">\n\t\t\t<div class=\"elementor-widget-wrap elementor-element-populated\">\n\t\t\t\t\t\t<div class=\"elementor-element elementor-element-2c24a03d de_scroll_animation_no elementor-invisible elementor-widget elementor-widget-heading\" data-id=\"2c24a03d\" data-element_type=\"widget\" data-settings=\"{&quot;_animation&quot;:&quot;fadeInUp&quot;}\" data-widget_type=\"heading.default\">\n\t\t\t\t<div class=\"elementor-widget-container\">\n\t\t\t<h2 class=\"elementor-heading-title elementor-size-default\">Die zehn Kernprinzipien des Chinesischen Boxens <\/h2>\t\t<\/div>\n\t\t\t\t<\/div>\n\t\t\t\t\t<\/div>\n\t\t<\/div>\n\t\t\t\t\t<\/div>\n\t\t<\/section>\n\t\t\t\t<section class=\"elementor-section elementor-top-section elementor-element elementor-element-1bbe3560 elementor-section-boxed elementor-section-height-default elementor-section-height-default\" data-id=\"1bbe3560\" data-element_type=\"section\">\n\t\t\t\t\t\t<div class=\"elementor-container elementor-column-gap-default\">\n\t\t\t\t\t<div class=\"elementor-column elementor-col-100 elementor-top-column elementor-element elementor-element-6cc4d616 elementor-invisible\" data-id=\"6cc4d616\" data-element_type=\"column\" data-settings=\"{&quot;animation&quot;:&quot;fadeIn&quot;}\">\n\t\t\t<div class=\"elementor-widget-wrap elementor-element-populated\">\n\t\t\t\t\t\t<div class=\"elementor-element elementor-element-2bac5c17 elementor-drop-cap-yes elementor-drop-cap-view-default de_scroll_animation_no elementor-widget elementor-widget-text-editor\" data-id=\"2bac5c17\" data-element_type=\"widget\" data-settings=\"{&quot;drop_cap&quot;:&quot;yes&quot;}\" data-widget_type=\"text-editor.default\">\n\t\t\t\t<div class=\"elementor-widget-container\">\n\t\t\t\t\t\t\t<p>Diese zehn Kernprinzipien sind keine grundlegend neuen Entdeckungen Caseys, sondern werden schon seit Jahrhunderten innerhalb der einzelnen Stile und deren Familien weitergegeben. Casey war jedoch einer der ersten Nicht-Chinesen, der diese Prinzipien schriftlich dargelegt und zu einem theoretischen Konzept zusammengef\u00fcgt hat.<\/p>\t\t\t\t\t\t<\/div>\n\t\t\t\t<\/div>\n\t\t\t\t<div class=\"elementor-element elementor-element-7d08b77f de_scroll_animation_no elementor-widget elementor-widget-heading\" data-id=\"7d08b77f\" data-element_type=\"widget\" data-widget_type=\"heading.default\">\n\t\t\t\t<div class=\"elementor-widget-container\">\n\t\t\t<h2 class=\"elementor-heading-title elementor-size-default\">Definiert nach Christopher G. Casey:<\/h2>\t\t<\/div>\n\t\t\t\t<\/div>\n\t\t\t\t<section class=\"elementor-section elementor-inner-section elementor-element elementor-element-409eb93c elementor-section-boxed elementor-section-height-default elementor-section-height-default\" data-id=\"409eb93c\" data-element_type=\"section\">\n\t\t\t\t\t\t<div class=\"elementor-container elementor-column-gap-default\">\n\t\t\t\t\t<div class=\"elementor-column elementor-col-100 elementor-inner-column elementor-element elementor-element-7848261\" data-id=\"7848261\" data-element_type=\"column\">\n\t\t\t<div class=\"elementor-widget-wrap elementor-element-populated\">\n\t\t\t\t\t\t<div class=\"elementor-element elementor-element-2b6d9a1e de_scroll_animation_no elementor-widget elementor-widget-text-editor\" data-id=\"2b6d9a1e\" data-element_type=\"widget\" data-widget_type=\"text-editor.default\">\n\t\t\t\t<div class=\"elementor-widget-container\">\n\t\t\t\t\t\t\t<p><strong>1. Rooting (Verwurzeln)<\/strong><\/p><p>Verwurzeln bedeutet die feste Verbindung des K\u00f6rpers mit dem Boden. Es ist essenziell f\u00fcr ein stabiles Gleichgewicht und einen sicheren Stand. Der Zustand des Verwurzelt-Seins wird auch in der Bewegung beibehalten. Die Aufmerksamkeit richtet sich darauf, durch Entspannung das K\u00f6rpergewicht in Beine und F\u00fc\u00dfe sinken zu lassen.<\/p><p><strong>2. Yielding (Nachgeben)\u2028<\/strong><\/p><p>Der entspannte Zustand der Nachgiebigkeit erm\u00f6glicht die Kompensation eintreffender Energie. Kraft kann nur wirken, wenn sie auf festen Widerstand trifft. Man vermeidet es, einen festen Widerstand zu bieten, und begegnet H\u00e4rte mit entspanntem Nachgeben.<\/p><p><strong>3. Unitary (Ganzheitlichkeit)<\/strong><\/p><p>Ganzheitliche Bewegung erm\u00f6glicht die Entfaltung von Energie und Schnelligkeit. Kraft entsteht durch das ganzheitliche Zusammenspiel von Muskulatur, Gelenkstellung und dem Einsatz des K\u00f6rperzentrums.<\/p><p><strong>4. Body State (K\u00f6rperstatus)<\/strong><\/p><p>Entwicklung eines K\u00f6rperstatus, in dem die Muskulatur bis auf die n\u00f6tige Haltespannung weitgehend entspannt ist. Die Konzentration ist auf die gr\u00f6\u00dftm\u00f6gliche Entspannung ausgerichtet. Dadurch wird die innere K\u00f6rpermechanik flexibel gehalten. Schnelligkeit und physische Sensibilit\u00e4t werden in diesem Status gef\u00f6rdert.<\/p><p><strong>5. Six-Nine-Theory (Wandlungsf\u00e4higkeit)<\/strong><\/p><p>Wandlungsf\u00e4higkeit erm\u00f6glicht es zu jedem Zeitpunkt eines Zweikampfes, die Intention, Strategie und Richtung zu ver\u00e4ndern, ohne die Eigensicherung zu gef\u00e4hrden. Es ist die F\u00e4higkeit, erlernte Techniken und Ans\u00e4tze flie\u00dfend und ansatzlos zu wechseln.<\/p><p><strong>6. Centerness (Zentrierung)<\/strong><\/p><p><strong>\u2028<\/strong>Zentrierung bedeutet die lotrechte Ausrichtung der Wirbels\u00e4ule, die Anpassung der K\u00f6rpermechanik auf die eigene Zentrallinie und die Konzentration auf das K\u00f6rperzentrum. Dieser Zustand wird in jeglicher Bewegung beibehalten.<\/p><p><strong>7. Forward Pressure (Vorw\u00e4rtsdruck)<\/strong><\/p><p>Konstanter Vorw\u00e4rtsdruck auf das gegnerische K\u00f6rperzentrum f\u00fchrt zu einem Kleben am Gegner und zur Reduzierung seines Schwungraums. Dadurch wird der Gegner in einem st\u00e4ndigen Ungleichgewicht gehalten, aus dem heraus keine koordinierten Bewegungen m\u00f6glich sind.<\/p><p><strong>8. Line and Angle (Linien- und Winkelkontrolle)<\/strong><\/p><p>Das Wissen um die korrekten Linien und Winkel in der eigenen K\u00f6rpermechanik und in der Positionierung zum Gegen\u00fcber erh\u00f6ht die Effizienz von Angriff- und Verteidigungstechniken. Hierbei geht es um die Kontrolle der eigenen Zentrallinie und der des Gegners.<\/p><p><strong>9. Projection ( Projektion )<\/strong><\/p><p>Die Projektion von innerer Energie in einen Punkt au\u00dferhalb des K\u00f6rpers. Projektion bedeutet u.a., die Konzentration auf die Entfaltung einer Technik in einen Punkt hinter ihrem Ziel zu richten. Ihre Energiewirkung setzt sich hinter dem Ziel fort und kann es somit durchdringen. Es bedeutet auch, eine klare Vorstellung \u00fcber den Verlauf der eigenen Energie innerhalb der angewendeten Technik zu haben.<\/p><p><strong>10. Mind Hit<\/strong><\/p><p>Mind Hit ist der kontrollierte Angriff auf Geist und Konzentration des Gegners. Es ist das Erkennen und Kontrollieren der mentalen Abl\u00e4ufe eines Zweikampfs und dient als Taktik zur St\u00f6rung des mentalen Fokus des Gegen\u00fcbers. Der Mind Hit spielt in der Selbstverteidigung eine au\u00dferordentlich wichtige Rolle. Gleichzeitig bedeutet Mind Hit auch, dass Mind und Intention des Boxers das Ziel schon erreicht und die Auseinandersetzung bereits siegreich beendet haben, bevor der eigentliche Kampf begonnen hat.<\/p>\t\t\t\t\t\t<\/div>\n\t\t\t\t<\/div>\n\t\t\t\t\t<\/div>\n\t\t<\/div>\n\t\t\t\t\t<\/div>\n\t\t<\/section>\n\t\t\t\t<section class=\"elementor-section elementor-inner-section elementor-element elementor-element-3973c68 elementor-section-boxed elementor-section-height-default elementor-section-height-default\" data-id=\"3973c68\" data-element_type=\"section\" data-settings=\"{&quot;background_background&quot;:&quot;classic&quot;}\">\n\t\t\t\t\t\t<div class=\"elementor-container elementor-column-gap-default\">\n\t\t\t\t\t<div class=\"elementor-column elementor-col-100 elementor-inner-column elementor-element elementor-element-3f39d73b\" data-id=\"3f39d73b\" data-element_type=\"column\">\n\t\t\t<div class=\"elementor-widget-wrap elementor-element-populated\">\n\t\t\t\t\t\t<div class=\"elementor-element elementor-element-fc42145 elementor-view-default de_scroll_animation_no elementor-widget elementor-widget-icon\" data-id=\"fc42145\" data-element_type=\"widget\" data-widget_type=\"icon.default\">\n\t\t\t\t<div class=\"elementor-widget-container\">\n\t\t\t\t\t<div class=\"elementor-icon-wrapper\">\n\t\t\t<div class=\"elementor-icon\">\n\t\t\t<i aria-hidden=\"true\" class=\"icon icon-quote2\"><\/i>\t\t\t<\/div>\n\t\t<\/div>\n\t\t\t\t<\/div>\n\t\t\t\t<\/div>\n\t\t\t\t<div class=\"elementor-element elementor-element-531192da de_scroll_animation_no elementor-widget elementor-widget-text-editor\" data-id=\"531192da\" data-element_type=\"widget\" data-widget_type=\"text-editor.default\">\n\t\t\t\t<div class=\"elementor-widget-container\">\n\t\t\t\t\t\t\t<h1><em>\u201cFeeling is the only way\u201d<\/em><\/h1><p>&#8211; Christopher G. Casey<\/p>\t\t\t\t\t\t<\/div>\n\t\t\t\t<\/div>\n\t\t\t\t\t<\/div>\n\t\t<\/div>\n\t\t\t\t\t<\/div>\n\t\t<\/section>\n\t\t\t\t\t<\/div>\n\t\t<\/div>\n\t\t\t\t\t<\/div>\n\t\t<\/section>\n\t\t\t\t<\/div>","protected":false},"excerpt":{"rendered":"<p>Die zehn Kernprinzipien des Chinesischen Boxens Diese zehn Kernprinzipien sind keine grundlegend neuen Entdeckungen Caseys, sondern werden schon seit Jahrhunderten innerhalb der einzelnen Stile und deren Familien weitergegeben. Casey war jedoch einer der ersten Nicht-Chinesen, der diese Prinzipien schriftlich dargelegt und zu einem theoretischen Konzept zusammengef\u00fcgt hat. Definiert nach Christopher G. Casey: 1. Rooting (Verwurzeln) [&hellip;]<\/p>\n","protected":false},"author":1,"featured_media":144,"parent":0,"menu_order":0,"comment_status":"closed","ping_status":"closed","template":"","meta":{"_monsterinsights_skip_tracking":false,"_monsterinsights_sitenote_active":false,"_monsterinsights_sitenote_note":"","_monsterinsights_sitenote_category":0,"footnotes":""},"_links":{"self":[{"href":"http:\/\/chinese-boxing-institute.de\/chinese-boxing-starten\/wp-json\/wp\/v2\/pages\/55"}],"collection":[{"href":"http:\/\/chinese-boxing-institute.de\/chinese-boxing-starten\/wp-json\/wp\/v2\/pages"}],"about":[{"href":"http:\/\/chinese-boxing-institute.de\/chinese-boxing-starten\/wp-json\/wp\/v2\/types\/page"}],"author":[{"embeddable":true,"href":"http:\/\/chinese-boxing-institute.de\/chinese-boxing-starten\/wp-json\/wp\/v2\/users\/1"}],"replies":[{"embeddable":true,"href":"http:\/\/chinese-boxing-institute.de\/chinese-boxing-starten\/wp-json\/wp\/v2\/comments?post=55"}],"version-history":[{"count":25,"href":"http:\/\/chinese-boxing-institute.de\/chinese-boxing-starten\/wp-json\/wp\/v2\/pages\/55\/revisions"}],"predecessor-version":[{"id":16363,"href":"http:\/\/chinese-boxing-institute.de\/chinese-boxing-starten\/wp-json\/wp\/v2\/pages\/55\/revisions\/16363"}],"wp:featuredmedia":[{"embeddable":true,"href":"http:\/\/chinese-boxing-institute.de\/chinese-boxing-starten\/wp-json\/wp\/v2\/media\/144"}],"wp:attachment":[{"href":"http:\/\/chinese-boxing-institute.de\/chinese-boxing-starten\/wp-json\/wp\/v2\/media?parent=55"}],"curies":[{"name":"wp","href":"https:\/\/api.w.org\/{rel}","templated":true}]}}