{"id":53,"date":"2017-03-23T08:18:33","date_gmt":"2017-03-23T08:18:33","guid":{"rendered":"http:\/\/chinese-boxing-institute.de\/?page_id=53"},"modified":"2024-04-18T15:44:18","modified_gmt":"2024-04-18T15:44:18","slug":"geschichte","status":"publish","type":"page","link":"http:\/\/chinese-boxing-institute.de\/chinese-boxing-starten\/geschichte\/","title":{"rendered":"Geschichte"},"content":{"rendered":"<div data-elementor-type=\"wp-page\" data-elementor-id=\"53\" class=\"elementor elementor-53\" data-elementor-post-type=\"page\">\n\t\t\t\t\t\t<section class=\"elementor-section elementor-top-section elementor-element elementor-element-30d52691 elementor-section-boxed elementor-section-height-default elementor-section-height-default\" data-id=\"30d52691\" data-element_type=\"section\" data-settings=\"{&quot;background_background&quot;:&quot;classic&quot;}\">\n\t\t\t\t\t\t\t<div class=\"elementor-background-overlay\"><\/div>\n\t\t\t\t\t\t\t<div class=\"elementor-container elementor-column-gap-default\">\n\t\t\t\t\t<div class=\"elementor-column elementor-col-100 elementor-top-column elementor-element elementor-element-22b611ef elementor-invisible\" data-id=\"22b611ef\" data-element_type=\"column\" data-settings=\"{&quot;animation&quot;:&quot;fadeInUp&quot;}\">\n\t\t\t<div class=\"elementor-widget-wrap elementor-element-populated\">\n\t\t\t\t\t\t<div class=\"elementor-element elementor-element-23556ab5 de_scroll_animation_no elementor-invisible elementor-widget elementor-widget-heading\" data-id=\"23556ab5\" data-element_type=\"widget\" data-settings=\"{&quot;_animation&quot;:&quot;fadeInUp&quot;}\" data-widget_type=\"heading.default\">\n\t\t\t\t<div class=\"elementor-widget-container\">\n\t\t\t<h2 class=\"elementor-heading-title elementor-size-default\">Hintergrund und Geschichte <\/h2>\t\t<\/div>\n\t\t\t\t<\/div>\n\t\t\t\t\t<\/div>\n\t\t<\/div>\n\t\t\t\t\t<\/div>\n\t\t<\/section>\n\t\t\t\t<section class=\"elementor-section elementor-top-section elementor-element elementor-element-60bdbca8 elementor-section-boxed elementor-section-height-default elementor-section-height-default\" data-id=\"60bdbca8\" data-element_type=\"section\">\n\t\t\t\t\t\t<div class=\"elementor-container elementor-column-gap-default\">\n\t\t\t\t\t<div class=\"elementor-column elementor-col-100 elementor-top-column elementor-element elementor-element-268c6216 elementor-invisible\" data-id=\"268c6216\" data-element_type=\"column\" data-settings=\"{&quot;animation&quot;:&quot;fadeIn&quot;}\">\n\t\t\t<div class=\"elementor-widget-wrap elementor-element-populated\">\n\t\t\t\t\t\t<div class=\"elementor-element elementor-element-5988c0b0 elementor-drop-cap-yes elementor-drop-cap-view-default de_scroll_animation_no elementor-widget elementor-widget-text-editor\" data-id=\"5988c0b0\" data-element_type=\"widget\" data-settings=\"{&quot;drop_cap&quot;:&quot;yes&quot;}\" data-widget_type=\"text-editor.default\">\n\t\t\t\t<div class=\"elementor-widget-container\">\n\t\t\t\t\t\t\t<p class=\"p1\">Im Gegensatz zu den \u00e4u\u00dferen Kampfstilen, die man auch\u00a0<em>Wai Jia Chuan<\/em>\u00a0(External Martial Arts) nennt, bezeichnet man die inneren Kampfstile als\u00a0<em>Nei Jia Chuan<\/em> (Internal Martial Arts). Der Hauptfokus der inneren Kampfku\u0308nste liegt vor allem in der Entwicklung der k\u00f6rpereigenen Energie (Qi), der Gesunderhaltung und der Beruhigung des Geistes. Das Training konzentriert sich auf Muskelentspannung, mentale Entspannung, ganzheitliche K\u00f6rperbewegung, runde, spiralf\u00f6rmige Bewegungen, die Vernetzung von Geist und zentralem Nervensystem und die Bewusstwerdung aller inneren, nicht-muskul\u00e4ren Strukturen des K\u00f6rpers sowie deren Nutzung. Die Urspru\u0308nge der inneren Kampfku\u0308nste liegen in der\u00a0<em>Nei Gung<\/em>\u00a0Tradition der taoistischen Meditation. Das Energiekonzept des\u00a0<em>Nei Gung<\/em>\u00a0gilt auch als die Basis des ganzheitlichen Gesundheitskonzeptes der Traditionellen Chinesischen Medizin (TCM).<\/p><p>Der amerikanische Kampfk\u00fcnstler und Begr\u00fcnder des Chinese Boxing Institute International (CBII) Christopher G. Casey war der Meinung, dass das Fundament des Inneren Boxens auf einigen grundlegenden Prinzipien ruht. Casey hatte im Laufe seines Lebens die M\u00f6glichkeit, mit einigen der herausragenden Meistern und Gro\u00dfmeistern des Inneren Chinesischen Boxens ihrer Generation zu trainieren. Er verbrachte viel Zeit in Taiwan und lernte u.a. Bagua Chang und Hsing-I Chuan von Meister Wang Shu Jin und Meister Shen Mou Hui. Von dem legend\u00e4ren Liao Wu Chang lernte er dessen Monkey Boxing Style und von den Meistern S.Y. Chen und P.C. Hsieh Fukien White Crane. Meister Tao Ping Siang unterrichtete ihn im Tai Chi Chuan und Meister Lo Man Kam in Yim Wing Chun.<\/p>\t\t\t\t\t\t<\/div>\n\t\t\t\t<\/div>\n\t\t\t\t<div class=\"elementor-element elementor-element-1d65d053 de_scroll_animation_no elementor-widget elementor-widget-image\" data-id=\"1d65d053\" data-element_type=\"widget\" data-widget_type=\"image.default\">\n\t\t\t\t<div class=\"elementor-widget-container\">\n\t\t\t\t\t\t\t\t\t\t<figure class=\"wp-caption\">\n\t\t\t\t\t\t\t\t\t\t<img fetchpriority=\"high\" decoding=\"async\" width=\"1097\" height=\"645\" src=\"http:\/\/chinese-boxing-institute.de\/wp-content\/uploads\/2018\/12\/DZ7-e1713364612518.png\" class=\"attachment-full size-full wp-image-15440\" alt=\"Detlef Zimmermann, James Cravens, Wolfgang Eikens, Rick Lupe\" srcset=\"http:\/\/chinese-boxing-institute.de\/wp-content\/uploads\/2018\/12\/DZ7-e1713364612518.png 1097w, http:\/\/chinese-boxing-institute.de\/wp-content\/uploads\/2018\/12\/DZ7-e1713364612518-300x176.png 300w, http:\/\/chinese-boxing-institute.de\/wp-content\/uploads\/2018\/12\/DZ7-e1713364612518-768x452.png 768w, http:\/\/chinese-boxing-institute.de\/wp-content\/uploads\/2018\/12\/DZ7-e1713364612518-1024x602.png 1024w\" sizes=\"(max-width: 1097px) 100vw, 1097px\" \/>\t\t\t\t\t\t\t\t\t\t\t<figcaption class=\"widget-image-caption wp-caption-text\">Detlef Zimmermann, James Cravens, Wolfgang Eikens, Rick Lupe<\/figcaption>\n\t\t\t\t\t\t\t\t\t\t<\/figure>\n\t\t\t\t\t\t\t<\/div>\n\t\t\t\t<\/div>\n\t\t\t\t<div class=\"elementor-element elementor-element-1b57c830 de_scroll_animation_no elementor-widget elementor-widget-heading\" data-id=\"1b57c830\" data-element_type=\"widget\" data-widget_type=\"heading.default\">\n\t\t\t\t<div class=\"elementor-widget-container\">\n\t\t\t<h2 class=\"elementor-heading-title elementor-size-default\">Hier zeichnen wir einen kurzen Abriss der Linien und Abstammung:<\/h2>\t\t<\/div>\n\t\t\t\t<\/div>\n\t\t\t\t<section class=\"elementor-section elementor-inner-section elementor-element elementor-element-3e55b86f elementor-section-boxed elementor-section-height-default elementor-section-height-default\" data-id=\"3e55b86f\" data-element_type=\"section\">\n\t\t\t\t\t\t<div class=\"elementor-container elementor-column-gap-default\">\n\t\t\t\t\t<div class=\"elementor-column elementor-col-100 elementor-inner-column elementor-element elementor-element-3698d3c1\" data-id=\"3698d3c1\" data-element_type=\"column\">\n\t\t\t<div class=\"elementor-widget-wrap elementor-element-populated\">\n\t\t\t\t\t\t<div class=\"elementor-element elementor-element-49d35348 de_scroll_animation_no elementor-widget elementor-widget-text-editor\" data-id=\"49d35348\" data-element_type=\"widget\" data-widget_type=\"text-editor.default\">\n\t\t\t\t<div class=\"elementor-widget-container\">\n\t\t\t\t\t\t\t<ul><li><em>Tai Chi Chuan (Taiji Quan)<\/em>: Yang Chen Fu \u2013\u00a0 Chen Man-Ching \u2013 Tao Ping Siang \u2013 Casey<\/li><li class=\"p2\"><em>Hsing-I Chuan (Xing Yi Chuan) und Bagua Zhang<\/em>: Chang Chao Tung \u2013 Wang Xiang Zhai \u2013 Wang Shu Jin \u2013 Casey<br \/>Chang Chao Tung \u2013 Chang Chun Feng \u2013 Shen Muo Hui \u2013 Casey<\/li><li class=\"p2\"><em>Wing Chun: <\/em>Yip Man \u2013 Lo Man Kam \u2013 Casey<\/li><li class=\"p2\"><em>Jun Fan Gung Fu: <\/em>Bruce Lee \u2013 Taky Kimura, Dan Inosanto \u2013 Casey<\/li><li class=\"p2\"><em>Chin Na und Small Circle Theory: <\/em>Wally Jay \u2013 Casey<\/li><li class=\"p2\"><em>Fukien White Crane<\/em>: Chen, S.Y .\u2013 Hsieh, P.C. \u2013 Casey<\/li><li class=\"p2\"><em>Stone Killer Monkey<\/em>: Liao Wu Chan \u2013 Casey<\/li><li class=\"p2\"><em>WaLu<\/em>: Pa Ka \u2013 Casey<\/li><\/ul>\t\t\t\t\t\t<\/div>\n\t\t\t\t<\/div>\n\t\t\t\t\t<\/div>\n\t\t<\/div>\n\t\t\t\t\t<\/div>\n\t\t<\/section>\n\t\t\t\t<section class=\"elementor-section elementor-inner-section elementor-element elementor-element-7636ded5 elementor-section-boxed elementor-section-height-default elementor-section-height-default\" data-id=\"7636ded5\" data-element_type=\"section\" data-settings=\"{&quot;background_background&quot;:&quot;classic&quot;}\">\n\t\t\t\t\t\t<div class=\"elementor-container elementor-column-gap-default\">\n\t\t\t\t\t<div class=\"elementor-column elementor-col-100 elementor-inner-column elementor-element elementor-element-43fd3d32\" data-id=\"43fd3d32\" data-element_type=\"column\">\n\t\t\t<div class=\"elementor-widget-wrap elementor-element-populated\">\n\t\t\t\t\t\t<div class=\"elementor-element elementor-element-6d7bbdbf elementor-view-default de_scroll_animation_no elementor-widget elementor-widget-icon\" data-id=\"6d7bbdbf\" data-element_type=\"widget\" data-widget_type=\"icon.default\">\n\t\t\t\t<div class=\"elementor-widget-container\">\n\t\t\t\t\t<div class=\"elementor-icon-wrapper\">\n\t\t\t<div class=\"elementor-icon\">\n\t\t\t<i aria-hidden=\"true\" class=\"icon icon-quote2\"><\/i>\t\t\t<\/div>\n\t\t<\/div>\n\t\t\t\t<\/div>\n\t\t\t\t<\/div>\n\t\t\t\t<div class=\"elementor-element elementor-element-66880477 de_scroll_animation_no elementor-widget elementor-widget-text-editor\" data-id=\"66880477\" data-element_type=\"widget\" data-widget_type=\"text-editor.default\">\n\t\t\t\t<div class=\"elementor-widget-container\">\n\t\t\t\t\t\t\t<h3><em>\u201cAuf die Suche geht immer derjenige, der mit dem was er bisher tut f\u00fcr sich selbst nicht zufrieden ist. Wenn du damit zufrieden bist, dann ist das Stillstand\u201d<\/em><\/h3><p>&#8211; Manfred Steiner<\/p>\t\t\t\t\t\t<\/div>\n\t\t\t\t<\/div>\n\t\t\t\t\t<\/div>\n\t\t<\/div>\n\t\t\t\t\t<\/div>\n\t\t<\/section>\n\t\t\t\t<div class=\"elementor-element elementor-element-2a512f65 elementor-drop-cap-yes elementor-drop-cap-view-default de_scroll_animation_no elementor-widget elementor-widget-text-editor\" data-id=\"2a512f65\" data-element_type=\"widget\" data-settings=\"{&quot;drop_cap&quot;:&quot;yes&quot;}\" data-widget_type=\"text-editor.default\">\n\t\t\t\t<div class=\"elementor-widget-container\">\n\t\t\t\t\t\t\t<p>Im Laufe seiner Studien kam Casey zu der Erkenntnis, dass die verschiedenen Stile der inneren Kampfk\u00fcnste wesentliche Gemeinsamkeiten haben, die f\u00fcr den energetischen Aspekt des Chinesischen Boxens ma\u00dfgebend sind. Casey filterte diese Gemeinsamkeiten aus seinem Wissen um die verschiedenen Stile heraus, analysierte sie und formulierte schlie\u00dflich zehn Kernprinzipien.<\/p><p>Seine Arbeit zu diesen Kernprinzipien wurde offiziell von der Koushu Federation of the Republic of China anerkannt und gew\u00fcrdigt. Bei der Koushu Federation handelt es sich um eine Abteilung der taiwanesischen Regierung, welche die chinesischen Kampfk\u00fcnste f\u00f6rdert und betreut. Casey arbeitete \u00fcber zehn Jahre als deren \u201eUnited States chief liaison officer\u201c, mit dem Auftrag, die chinesischen Kampfk\u00fcnste in den USA zu vertreten.<\/p><p>1982, nach l\u00e4ngerem Aufenthalt in Deutschland, gr\u00fcndete Casey das Chinese Boxing Institute International (CBII). Er war der Ansicht, dass sich das Innere Boxen von dem Gro\u00dfteil der chinesischen Kampfk\u00fcnste abhebt und daher eines eigenen Forums bedarf.<\/p><p>Das CBII pflegt die inneren chinesischen Boxk\u00fcnste und die weitere wissenschaftliche Entwicklung des energetischen Boxens. Es f\u00f6rdert des Weiteren die Verbreitung und W\u00fcrdigung der Boxk\u00fcnste. Das Institut lehnt die traditionelle Verh\u00fcllung des Wissens in sogenannten \u201eGeheimtechniken\u201c ab und ist der Meinung, dass die chinesischen Boxk\u00fcnste Teil des kulturellen Erbes der Menschheit sind, ebenso wie z.B. die Musik Beethovens oder die Philosophie Aristoteles.<\/p><p>Casey ernannte James Cravens zum \u201echief instructor\u201c f\u00fcr die Vereinigten Staaten und Manfred Steiner aus Hannover zum \u201echief instructor\u201c f\u00fcr Europa \u2013 beide waren seine Sch\u00fcler. Meister Lo Man Kam akzeptierte den Titel des \u201echief instructor\u201c f\u00fcr Asien. Zum Komitee der Mitglieder des Chinese Boxing Institute International (CBII) z\u00e4hlen Meister Tao Ping Siang und Meister Shen Muo Hui, beide aus Taiwan, und Professor Wally Jay, Gr\u00fcnder der \u201esmall circle theory\u201c des Jujitsu. Christopher Casey \u00fcbernahm die Rolle des \u201einternational chairman\u201c und ernannte James Cravens zum Direktor und internationalen Pr\u00e4sidenten des CBII.<\/p><p>Seit dem Tod von Christopher G. Casey im Jahre 1986 leitet James Cravens das <a href=\"http:\/\/www.chineseboxing.com\/\" target=\"_blank\" rel=\"noopener\">CBII<\/a>\u00a0und \u00fcbernimmt die Aufgabe, dessen Ideen und das von ihm hinterlassene Wissen weiterzutragen und das Innere Boxen in seinem Sinne zu vermitteln. Er ernannte <a href=\"https:\/\/www.kungfu-hannover.com\/\" target=\"_blank\" rel=\"noopener\">Detlef Zimmermann<\/a> in Hannover 1999 zum deutschen Direktor des CBII. Cravens unterrichtet weiterhin aktiv in den Vereinigten Staaten und betreut dort mehrere Schulen, in denen das Innere Chinesische Boxen gelehrt wird.<\/p><p>Das Chinese Boxing Institute Germany versteht sich als direkte Schwester-Organisation des CBII und hat es sich zur Aufgabe gemacht, das Chinesische Boxen in Deutschland bekannter zu machen, Ver\u00f6ffentlichungen zu Themen der inneren Kampfk\u00fcnste ein Forum zu geben, Lehrern und Sch\u00fclern ein Netzwerk zum gegenseitigen Austausch zu bieten und Menschen mit der Begeisterung f\u00fcr die inneren Kampfk\u00fcnste zusammenzubringen.<\/p>\t\t\t\t\t\t<\/div>\n\t\t\t\t<\/div>\n\t\t\t\t\t<\/div>\n\t\t<\/div>\n\t\t\t\t\t<\/div>\n\t\t<\/section>\n\t\t\t\t<\/div>","protected":false},"excerpt":{"rendered":"<p>Hintergrund und Geschichte Im Gegensatz zu den \u00e4u\u00dferen Kampfstilen, die man auch\u00a0Wai Jia Chuan\u00a0(External Martial Arts) nennt, bezeichnet man die inneren Kampfstile als\u00a0Nei Jia Chuan (Internal Martial Arts). Der Hauptfokus der inneren Kampfku\u0308nste liegt vor allem in der Entwicklung der k\u00f6rpereigenen Energie (Qi), der Gesunderhaltung und der Beruhigung des Geistes. Das Training konzentriert sich auf [&hellip;]<\/p>\n","protected":false},"author":1,"featured_media":0,"parent":0,"menu_order":0,"comment_status":"closed","ping_status":"closed","template":"","meta":{"_monsterinsights_skip_tracking":false,"_monsterinsights_sitenote_active":false,"_monsterinsights_sitenote_note":"","_monsterinsights_sitenote_category":0,"footnotes":""},"_links":{"self":[{"href":"http:\/\/chinese-boxing-institute.de\/chinese-boxing-starten\/wp-json\/wp\/v2\/pages\/53"}],"collection":[{"href":"http:\/\/chinese-boxing-institute.de\/chinese-boxing-starten\/wp-json\/wp\/v2\/pages"}],"about":[{"href":"http:\/\/chinese-boxing-institute.de\/chinese-boxing-starten\/wp-json\/wp\/v2\/types\/page"}],"author":[{"embeddable":true,"href":"http:\/\/chinese-boxing-institute.de\/chinese-boxing-starten\/wp-json\/wp\/v2\/users\/1"}],"replies":[{"embeddable":true,"href":"http:\/\/chinese-boxing-institute.de\/chinese-boxing-starten\/wp-json\/wp\/v2\/comments?post=53"}],"version-history":[{"count":29,"href":"http:\/\/chinese-boxing-institute.de\/chinese-boxing-starten\/wp-json\/wp\/v2\/pages\/53\/revisions"}],"predecessor-version":[{"id":16360,"href":"http:\/\/chinese-boxing-institute.de\/chinese-boxing-starten\/wp-json\/wp\/v2\/pages\/53\/revisions\/16360"}],"wp:attachment":[{"href":"http:\/\/chinese-boxing-institute.de\/chinese-boxing-starten\/wp-json\/wp\/v2\/media?parent=53"}],"curies":[{"name":"wp","href":"https:\/\/api.w.org\/{rel}","templated":true}]}}