{"id":2315,"date":"2018-03-03T16:56:33","date_gmt":"2018-03-03T16:56:33","guid":{"rendered":"http:\/\/chinese-boxing-institute.de\/?page_id=2315"},"modified":"2024-07-23T10:41:39","modified_gmt":"2024-07-23T10:41:39","slug":"hamburg","status":"publish","type":"page","link":"http:\/\/chinese-boxing-institute.de\/chinese-boxing-starten\/hamburg\/","title":{"rendered":"Hamburg"},"content":{"rendered":"<div data-elementor-type=\"wp-page\" data-elementor-id=\"2315\" class=\"elementor elementor-2315\" data-elementor-post-type=\"page\">\n\t\t\t\t\t\t<section class=\"elementor-section elementor-top-section elementor-element elementor-element-74891e77 elementor-section-boxed elementor-section-height-default elementor-section-height-default\" data-id=\"74891e77\" data-element_type=\"section\" data-settings=\"{&quot;background_background&quot;:&quot;classic&quot;}\">\n\t\t\t\t\t\t\t<div class=\"elementor-background-overlay\"><\/div>\n\t\t\t\t\t\t\t<div class=\"elementor-container elementor-column-gap-default\">\n\t\t\t\t\t<div class=\"elementor-column elementor-col-100 elementor-top-column elementor-element elementor-element-e63a659 elementor-invisible\" data-id=\"e63a659\" data-element_type=\"column\" data-settings=\"{&quot;animation&quot;:&quot;fadeInUp&quot;}\">\n\t\t\t<div class=\"elementor-widget-wrap elementor-element-populated\">\n\t\t\t\t\t\t<div class=\"elementor-element elementor-element-535feda de_scroll_animation_no elementor-invisible elementor-widget elementor-widget-heading\" data-id=\"535feda\" data-element_type=\"widget\" data-settings=\"{&quot;_animation&quot;:&quot;fadeInUp&quot;}\" data-widget_type=\"heading.default\">\n\t\t\t\t<div class=\"elementor-widget-container\">\n\t\t\t<h2 class=\"elementor-heading-title elementor-size-default\">Hamburg<\/h2>\t\t<\/div>\n\t\t\t\t<\/div>\n\t\t\t\t\t<\/div>\n\t\t<\/div>\n\t\t\t\t\t<\/div>\n\t\t<\/section>\n\t\t\t\t<section class=\"elementor-section elementor-top-section elementor-element elementor-element-4a463284 elementor-section-boxed elementor-section-height-default elementor-section-height-default\" data-id=\"4a463284\" data-element_type=\"section\">\n\t\t\t\t\t\t<div class=\"elementor-container elementor-column-gap-default\">\n\t\t\t\t\t<div class=\"elementor-column elementor-col-100 elementor-top-column elementor-element elementor-element-2b7d1e66 elementor-invisible\" data-id=\"2b7d1e66\" data-element_type=\"column\" data-settings=\"{&quot;animation&quot;:&quot;fadeIn&quot;}\">\n\t\t\t<div class=\"elementor-widget-wrap elementor-element-populated\">\n\t\t\t\t\t\t<div class=\"elementor-element elementor-element-720a75c6 elementor-drop-cap-yes elementor-drop-cap-view-default de_scroll_animation_no elementor-widget elementor-widget-text-editor\" data-id=\"720a75c6\" data-element_type=\"widget\" data-settings=\"{&quot;drop_cap&quot;:&quot;yes&quot;}\" data-widget_type=\"text-editor.default\">\n\t\t\t\t<div class=\"elementor-widget-container\">\n\t\t\t\t\t\t\t<p class=\"font_8\"><span style=\"color: #ff0000;\">Achtung: Derzeit bis vorrausichtlich Oktober 2024 kein Training!<\/span><\/p>\t\t\t\t\t\t<\/div>\n\t\t\t\t<\/div>\n\t\t\t\t<div class=\"elementor-element elementor-element-810c66e elementor-drop-cap-yes elementor-drop-cap-view-default de_scroll_animation_no elementor-widget elementor-widget-text-editor\" data-id=\"810c66e\" data-element_type=\"widget\" data-settings=\"{&quot;drop_cap&quot;:&quot;yes&quot;}\" data-widget_type=\"text-editor.default\">\n\t\t\t\t<div class=\"elementor-widget-container\">\n\t\t\t\t\t\t\t<p class=\"font_8\">Ich hatte das Gl\u00fcck, 1991 von einem Freund in die Kampfkunstschule Zimmermann mitgenommen zu werden. <a href=\"http:\/\/chinese-boxing-institute.de\/hannover-langenhagen\/\" target=\"_blank\" rel=\"noopener noreferrer\">Detlef Zimmermann<\/a> hatte die Schule von <a href=\"http:\/\/chinese-boxing-institute.de\/interview-manfred-steiner\/\" target=\"_blank\" rel=\"noopener noreferrer\">Manfred Steiner<\/a> \u00fcbernommen. Mein Ziel war es, die erlernten Wing Tsun-Kenntnisse zu vertiefen, und Detlef Zimmermann galt als versiert aber unkonventionell. Zuerst fiel mir die angenehme Atmosph\u00e4re auf: Es durfte gelacht werden. Der erste Eindruck stimmte, freundliches Miteinander und undogmatisches Training haben mich schnell f\u00fcr andere Schulen und deren Unterrichtsgewohnheiten verdorben. Aus dem Wohlf\u00fchlen wurde ein langj\u00e4hriges Studium der Internal Martial Arts, das mich sicher immer wieder \u00fcberraschen wird. Michael Rommerskirch und Wolfgang Eikens haben mein Training in Hannover mit eigenen intensiven Impulsen entscheidend gepr\u00e4gt. Wegweisend waren f\u00fcr mich auch die Seminare mit <a href=\"http:\/\/chinese-boxing-institute.de\/interview-james-cravens\/\" target=\"_blank\" rel=\"noopener noreferrer\">James Cravens<\/a>, der mir das WaLu beibrachte, und Rick Lupe. Dirk Wetter hat dann mit mir in Hamburg das <a href=\"https:\/\/cbii.hamburg\/\" target=\"_blank\" rel=\"noopener noreferrer\">Chinese Boxing Institute in Hamburg<\/a> aufgebaut.<\/p><p>Seit etlichen Jahren mische ich Kampfkunst (WaLu und die Chinese Boxing Synthesis aus dem Kai Sai Kung Fu) mit Functional Outdoor Training. Ziel ist es, den eigenen K\u00f6rper gesund zu halten und F\u00e4higkeiten zum modernen Selbstschutz zu erlernen. Ein \u00fcblicher Ablauf besteht aus Aufw\u00e4rmtraining mit leichtem Jogging, anschlie\u00dfenden Energie\u00fcbungen, Technikschwerpunkten und Anwendungsideen sowie abschlie\u00dfenden Formen\u00fcbungen bzw. Qigong. Spa\u00df am Training steht dabei im Fokus. Ohne Wettbewerbsgedanken richten sich die \u00dcbungseinheiten nach dem von mir erstellten jahreszyklischen Trainingsprogramm (YACOB = Your Annual Circle Of Balance) aus. Inspiriert von den Jahreszeiten, wie sie auch als Grundlage in der traditionellen chinesischen Medizin in der 5-Elemente-Lehre genutzt werden, \u00fcben wir daher das ganze Jahr \u00fcber drau\u00dfen in Planten und Blomen bzw. den Wallanlagen. Das Training erfolgt auf eigenes Risiko.<\/p>\t\t\t\t\t\t<\/div>\n\t\t\t\t<\/div>\n\t\t\t\t\t<\/div>\n\t\t<\/div>\n\t\t\t\t\t<\/div>\n\t\t<\/section>\n\t\t\t\t<section class=\"elementor-section elementor-top-section elementor-element elementor-element-4265621c elementor-section-boxed elementor-section-height-default elementor-section-height-default\" data-id=\"4265621c\" data-element_type=\"section\">\n\t\t\t\t\t\t<div class=\"elementor-container elementor-column-gap-default\">\n\t\t\t\t\t<div class=\"elementor-column elementor-col-50 elementor-top-column elementor-element elementor-element-2c0e9efa\" data-id=\"2c0e9efa\" data-element_type=\"column\">\n\t\t\t<div class=\"elementor-widget-wrap elementor-element-populated\">\n\t\t\t\t\t\t<div class=\"elementor-element elementor-element-680587a de_scroll_animation_no elementor-widget elementor-widget-image\" data-id=\"680587a\" data-element_type=\"widget\" data-widget_type=\"image.default\">\n\t\t\t\t<div class=\"elementor-widget-container\">\n\t\t\t\t\t\t\t\t\t\t\t\t\t\t<a href=\"https:\/\/olafpachten.de\/\">\n\t\t\t\t\t\t\t<img fetchpriority=\"high\" decoding=\"async\" width=\"334\" height=\"272\" src=\"http:\/\/chinese-boxing-institute.de\/wp-content\/uploads\/2018\/03\/WaLu.png\" class=\"attachment-large size-large wp-image-2329\" alt=\"\" srcset=\"http:\/\/chinese-boxing-institute.de\/wp-content\/uploads\/2018\/03\/WaLu.png 334w, http:\/\/chinese-boxing-institute.de\/wp-content\/uploads\/2018\/03\/WaLu-300x244.png 300w\" sizes=\"(max-width: 334px) 100vw, 334px\" \/>\t\t\t\t\t\t\t\t<\/a>\n\t\t\t\t\t\t\t\t\t\t\t\t\t<\/div>\n\t\t\t\t<\/div>\n\t\t\t\t<div class=\"elementor-element elementor-element-aa93f89 de_scroll_animation_no elementor-invisible elementor-widget elementor-widget-text-editor\" data-id=\"aa93f89\" data-element_type=\"widget\" data-settings=\"{&quot;_animation&quot;:&quot;fadeInUp&quot;}\" data-widget_type=\"text-editor.default\">\n\t\t\t\t<div class=\"elementor-widget-container\">\n\t\t\t\t\t\t\t<p>Hamburg<\/p>\t\t\t\t\t\t<\/div>\n\t\t\t\t<\/div>\n\t\t\t\t<div class=\"elementor-element elementor-element-37fac8db de_scroll_animation_no elementor-invisible elementor-widget elementor-widget-heading\" data-id=\"37fac8db\" data-element_type=\"widget\" data-settings=\"{&quot;_animation&quot;:&quot;fadeInUp&quot;,&quot;_animation_delay&quot;:200}\" data-widget_type=\"heading.default\">\n\t\t\t\t<div class=\"elementor-widget-container\">\n\t\t\t<h2 class=\"elementor-heading-title elementor-size-default\">Eric Metz<\/h2>\t\t<\/div>\n\t\t\t\t<\/div>\n\t\t\t\t<div class=\"elementor-element elementor-element-11cafad8 de_scroll_animation_no elementor-invisible elementor-widget elementor-widget-text-editor\" data-id=\"11cafad8\" data-element_type=\"widget\" data-settings=\"{&quot;_animation&quot;:&quot;fadeInUp&quot;,&quot;_animation_delay&quot;:400}\" data-widget_type=\"text-editor.default\">\n\t\t\t\t<div class=\"elementor-widget-container\">\n\t\t\t\t\t\t\t<p><strong>Trainingszeiten:<\/strong><\/p><p>Dienstag, 18.30 bis 20.30 Uhr<\/p><p>Donnerstag, 18.30 bis 20.30 Uhr<\/p><p><strong>Trainingsort:<\/strong><\/p><p>Planten und Blomen, Treffpunkt Rampen-Nebeneingang gegen\u00fcber des Heinrich-Hertz-Turms<\/p><p>\u00a0<\/p><p><strong>Kontakt: <\/strong>0172 401 82 46<\/p><p><a href=\"_wp_link_placeholder\" data-wplink-edit=\"true\">metzprivat@gemeinsam-werben.de<\/a><\/p>\t\t\t\t\t\t<\/div>\n\t\t\t\t<\/div>\n\t\t\t\t\t<\/div>\n\t\t<\/div>\n\t\t\t\t<div class=\"elementor-column elementor-col-50 elementor-top-column elementor-element elementor-element-6c6a3204\" data-id=\"6c6a3204\" data-element_type=\"column\">\n\t\t\t<div class=\"elementor-widget-wrap elementor-element-populated\">\n\t\t\t\t\t\t<section class=\"elementor-section elementor-inner-section elementor-element elementor-element-414fb975 elementor-section-boxed elementor-section-height-default elementor-section-height-default elementor-invisible\" data-id=\"414fb975\" data-element_type=\"section\" data-settings=\"{&quot;animation&quot;:&quot;fadeInUp&quot;,&quot;animation_delay&quot;:600}\">\n\t\t\t\t\t\t<div class=\"elementor-container elementor-column-gap-default\">\n\t\t\t\t\t<div class=\"elementor-column elementor-col-100 elementor-inner-column elementor-element elementor-element-7985065d\" data-id=\"7985065d\" data-element_type=\"column\">\n\t\t\t<div class=\"elementor-widget-wrap elementor-element-populated\">\n\t\t\t\t\t\t<div class=\"elementor-element elementor-element-4c14895b de_scroll_animation_no elementor-widget elementor-widget-image\" data-id=\"4c14895b\" data-element_type=\"widget\" data-widget_type=\"image.default\">\n\t\t\t\t<div class=\"elementor-widget-container\">\n\t\t\t\t\t\t\t\t\t\t\t\t\t<img decoding=\"async\" src=\"http:\/\/chinese-boxing-institute.de\/wp-content\/uploads\/elementor\/thumbs\/IMG_5849-e1713365626725-qmujqa0ohbr020i9pvfco9ej1tfn0jgqx6vb10w45s.jpg\" title=\"IMG_5849\" alt=\"IMG_5849\" loading=\"lazy\" \/>\t\t\t\t\t\t\t\t\t\t\t\t\t<\/div>\n\t\t\t\t<\/div>\n\t\t\t\t\t<\/div>\n\t\t<\/div>\n\t\t\t\t\t<\/div>\n\t\t<\/section>\n\t\t\t\t\t<\/div>\n\t\t<\/div>\n\t\t\t\t\t<\/div>\n\t\t<\/section>\n\t\t\t\t<section class=\"elementor-section elementor-top-section elementor-element elementor-element-431d33b elementor-section-boxed elementor-section-height-default elementor-section-height-default\" data-id=\"431d33b\" data-element_type=\"section\">\n\t\t\t\t\t\t<div class=\"elementor-container elementor-column-gap-default\">\n\t\t\t\t\t<div class=\"elementor-column elementor-col-100 elementor-top-column elementor-element elementor-element-cf41494 elementor-invisible\" data-id=\"cf41494\" data-element_type=\"column\" data-settings=\"{&quot;animation&quot;:&quot;fadeIn&quot;}\">\n\t\t\t<div class=\"elementor-widget-wrap elementor-element-populated\">\n\t\t\t\t\t\t<div class=\"elementor-element elementor-element-0227491 elementor-drop-cap-yes elementor-drop-cap-view-default de_scroll_animation_no elementor-widget elementor-widget-text-editor\" data-id=\"0227491\" data-element_type=\"widget\" data-settings=\"{&quot;drop_cap&quot;:&quot;yes&quot;}\" data-widget_type=\"text-editor.default\">\n\t\t\t\t<div class=\"elementor-widget-container\">\n\t\t\t\t\t\t\t<p><strong>Kosten:<\/strong><\/p><p>Einsteigen ist jederzeit m\u00f6glich, kostenloses Probetraining bei vorheriger Anmeldung kein Problem. Danach kannst du flexibel 10er Karten f\u00fcr 29 Euro einsetzen. Melde dich bitte sp\u00e4testens Mittwoch Abend\u00a0an. Das Training ist ab ca. 16 Jahren m\u00f6glich,\u00a0wenn eine selbstst\u00e4ndige und verantwortliche Ausf\u00fchrung der \u00dcbungen m\u00f6glich ist.<\/p>\t\t\t\t\t\t<\/div>\n\t\t\t\t<\/div>\n\t\t\t\t\t<\/div>\n\t\t<\/div>\n\t\t\t\t\t<\/div>\n\t\t<\/section>\n\t\t\t\t<\/div>","protected":false},"excerpt":{"rendered":"<p>Hamburg Achtung: Derzeit bis vorrausichtlich Oktober 2024 kein Training! Ich hatte das Gl\u00fcck, 1991 von einem Freund in die Kampfkunstschule Zimmermann mitgenommen zu werden. Detlef Zimmermann hatte die Schule von Manfred Steiner \u00fcbernommen. Mein Ziel war es, die erlernten Wing Tsun-Kenntnisse zu vertiefen, und Detlef Zimmermann galt als versiert aber unkonventionell. Zuerst fiel mir die [&hellip;]<\/p>\n","protected":false},"author":2,"featured_media":0,"parent":0,"menu_order":0,"comment_status":"closed","ping_status":"closed","template":"","meta":{"_monsterinsights_skip_tracking":false,"_monsterinsights_sitenote_active":false,"_monsterinsights_sitenote_note":"","_monsterinsights_sitenote_category":0,"footnotes":""},"_links":{"self":[{"href":"http:\/\/chinese-boxing-institute.de\/chinese-boxing-starten\/wp-json\/wp\/v2\/pages\/2315"}],"collection":[{"href":"http:\/\/chinese-boxing-institute.de\/chinese-boxing-starten\/wp-json\/wp\/v2\/pages"}],"about":[{"href":"http:\/\/chinese-boxing-institute.de\/chinese-boxing-starten\/wp-json\/wp\/v2\/types\/page"}],"author":[{"embeddable":true,"href":"http:\/\/chinese-boxing-institute.de\/chinese-boxing-starten\/wp-json\/wp\/v2\/users\/2"}],"replies":[{"embeddable":true,"href":"http:\/\/chinese-boxing-institute.de\/chinese-boxing-starten\/wp-json\/wp\/v2\/comments?post=2315"}],"version-history":[{"count":48,"href":"http:\/\/chinese-boxing-institute.de\/chinese-boxing-starten\/wp-json\/wp\/v2\/pages\/2315\/revisions"}],"predecessor-version":[{"id":16462,"href":"http:\/\/chinese-boxing-institute.de\/chinese-boxing-starten\/wp-json\/wp\/v2\/pages\/2315\/revisions\/16462"}],"wp:attachment":[{"href":"http:\/\/chinese-boxing-institute.de\/chinese-boxing-starten\/wp-json\/wp\/v2\/media?parent=2315"}],"curies":[{"name":"wp","href":"https:\/\/api.w.org\/{rel}","templated":true}]}}