{"id":2,"date":"2014-11-21T04:51:49","date_gmt":"2014-11-21T04:51:49","guid":{"rendered":"http:\/\/localhost\/wordpress-4.0.1\/wordpress\/?page_id=2"},"modified":"2024-04-19T08:18:39","modified_gmt":"2024-04-19T08:18:39","slug":"chinese-boxing","status":"publish","type":"page","link":"http:\/\/chinese-boxing-institute.de\/chinese-boxing-starten\/chinese-boxing\/","title":{"rendered":"Chinese Boxing"},"content":{"rendered":"<div data-elementor-type=\"wp-page\" data-elementor-id=\"2\" class=\"elementor elementor-2\" data-elementor-post-type=\"page\">\n\t\t\t\t\t\t<section class=\"elementor-section elementor-top-section elementor-element elementor-element-30075d6a elementor-section-boxed elementor-section-height-default elementor-section-height-default\" data-id=\"30075d6a\" data-element_type=\"section\" data-settings=\"{&quot;background_background&quot;:&quot;classic&quot;}\">\n\t\t\t\t\t\t\t<div class=\"elementor-background-overlay\"><\/div>\n\t\t\t\t\t\t\t<div class=\"elementor-container elementor-column-gap-default\">\n\t\t\t\t\t<div class=\"elementor-column elementor-col-100 elementor-top-column elementor-element elementor-element-2be8798b elementor-invisible\" data-id=\"2be8798b\" data-element_type=\"column\" data-settings=\"{&quot;animation&quot;:&quot;fadeInUp&quot;}\">\n\t\t\t<div class=\"elementor-widget-wrap elementor-element-populated\">\n\t\t\t\t\t\t<div class=\"elementor-element elementor-element-7feee506 de_scroll_animation_no elementor-invisible elementor-widget elementor-widget-heading\" data-id=\"7feee506\" data-element_type=\"widget\" data-settings=\"{&quot;_animation&quot;:&quot;fadeInUp&quot;}\" data-widget_type=\"heading.default\">\n\t\t\t\t<div class=\"elementor-widget-container\">\n\t\t\t<h2 class=\"elementor-heading-title elementor-size-default\">Chinese Boxing<\/h2>\t\t<\/div>\n\t\t\t\t<\/div>\n\t\t\t\t\t<\/div>\n\t\t<\/div>\n\t\t\t\t\t<\/div>\n\t\t<\/section>\n\t\t\t\t<section class=\"elementor-section elementor-top-section elementor-element elementor-element-13d4584b elementor-section-boxed elementor-section-height-default elementor-section-height-default\" data-id=\"13d4584b\" data-element_type=\"section\">\n\t\t\t\t\t\t<div class=\"elementor-container elementor-column-gap-default\">\n\t\t\t\t\t<div class=\"elementor-column elementor-col-100 elementor-top-column elementor-element elementor-element-246b18ad elementor-invisible\" data-id=\"246b18ad\" data-element_type=\"column\" data-settings=\"{&quot;animation&quot;:&quot;fadeIn&quot;}\">\n\t\t\t<div class=\"elementor-widget-wrap elementor-element-populated\">\n\t\t\t\t\t\t<div class=\"elementor-element elementor-element-7ebc3ce elementor-drop-cap-yes elementor-drop-cap-view-default de_scroll_animation_no elementor-widget elementor-widget-text-editor\" data-id=\"7ebc3ce\" data-element_type=\"widget\" data-settings=\"{&quot;drop_cap&quot;:&quot;yes&quot;}\" data-widget_type=\"text-editor.default\">\n\t\t\t\t<div class=\"elementor-widget-container\">\n\t\t\t\t\t\t\t<p>Chinesisches Boxen stellt einen Weg des Lernens und der Arbeit am eigenen Selbst dar. Dabei\u00a0erlernte Techniken sind \u2013 neben allen gesunderhaltenden Aspekten fu\u0308r K\u00f6rper und Geist \u2013 in ihrem Wesen darauf ausgerichtet, Angriffe auf die eigene Person abzuwehren, wobei andere Personen verletzt werden k\u00f6nnen.<\/p><p>Tats\u00e4chlich geht es im Chinesischen Boxen nicht um Sport, nicht um das Sich-Messen in einer geschu\u0308tzten Atmosph\u00e4re, sondern um das \u00dcberleben in einer bedrohlichen Situation. Bevor also der Weg beschritten wird, fragen Sie sich, ob Sie wirklich diesen Weg w\u00e4hlen m\u00f6chten. Viele andere Stile, Ku\u0308nste und Sportarten erlauben die Verbesserung der eigenen F\u00e4higkeiten, ohne den sportiven Charakter zu verlieren.<\/p>\t\t\t\t\t\t<\/div>\n\t\t\t\t<\/div>\n\t\t\t\t<div class=\"elementor-element elementor-element-61cffe9 de_scroll_animation_no elementor-widget elementor-widget-image\" data-id=\"61cffe9\" data-element_type=\"widget\" data-widget_type=\"image.default\">\n\t\t\t\t<div class=\"elementor-widget-container\">\n\t\t\t\t\t\t\t\t\t\t\t\t\t<img fetchpriority=\"high\" decoding=\"async\" width=\"2000\" height=\"1333\" src=\"http:\/\/chinese-boxing-institute.de\/wp-content\/uploads\/2024\/04\/Olaf-Pachten-Taiji-im-Gruenen08.jpg\" class=\"attachment-full size-full wp-image-16041\" alt=\"\" srcset=\"http:\/\/chinese-boxing-institute.de\/wp-content\/uploads\/2024\/04\/Olaf-Pachten-Taiji-im-Gruenen08.jpg 2000w, http:\/\/chinese-boxing-institute.de\/wp-content\/uploads\/2024\/04\/Olaf-Pachten-Taiji-im-Gruenen08-300x200.jpg 300w, http:\/\/chinese-boxing-institute.de\/wp-content\/uploads\/2024\/04\/Olaf-Pachten-Taiji-im-Gruenen08-1024x682.jpg 1024w, http:\/\/chinese-boxing-institute.de\/wp-content\/uploads\/2024\/04\/Olaf-Pachten-Taiji-im-Gruenen08-768x512.jpg 768w, http:\/\/chinese-boxing-institute.de\/wp-content\/uploads\/2024\/04\/Olaf-Pachten-Taiji-im-Gruenen08-1536x1024.jpg 1536w\" sizes=\"(max-width: 2000px) 100vw, 2000px\" \/>\t\t\t\t\t\t\t\t\t\t\t\t\t<\/div>\n\t\t\t\t<\/div>\n\t\t\t\t<div class=\"elementor-element elementor-element-2b46502 de_scroll_animation_no elementor-widget elementor-widget-heading\" data-id=\"2b46502\" data-element_type=\"widget\" data-widget_type=\"heading.default\">\n\t\t\t\t<div class=\"elementor-widget-container\">\n\t\t\t<h2 class=\"elementor-heading-title elementor-size-default\">Vom WIE statt WAS<\/h2>\t\t<\/div>\n\t\t\t\t<\/div>\n\t\t\t\t<section class=\"elementor-section elementor-inner-section elementor-element elementor-element-54f0ec69 elementor-section-boxed elementor-section-height-default elementor-section-height-default\" data-id=\"54f0ec69\" data-element_type=\"section\">\n\t\t\t\t\t\t<div class=\"elementor-container elementor-column-gap-default\">\n\t\t\t\t\t<div class=\"elementor-column elementor-col-100 elementor-inner-column elementor-element elementor-element-6dc75b3d\" data-id=\"6dc75b3d\" data-element_type=\"column\">\n\t\t\t<div class=\"elementor-widget-wrap elementor-element-populated\">\n\t\t\t\t\t\t<div class=\"elementor-element elementor-element-544d0e32 elementor-drop-cap-yes elementor-drop-cap-view-default de_scroll_animation_no elementor-widget elementor-widget-text-editor\" data-id=\"544d0e32\" data-element_type=\"widget\" data-settings=\"{&quot;drop_cap&quot;:&quot;yes&quot;}\" data-widget_type=\"text-editor.default\">\n\t\t\t\t<div class=\"elementor-widget-container\">\n\t\t\t\t\t\t\t<p class=\"p1\">Wir begreifen das Chinesische Boxen eher als Methode denn als Stil, da es in vielen F\u00e4llen eher darum geht, WIE eine Bewegung ausgefu\u0308hrt wird, als darum, um WAS fu\u0308r eine Bewegung es sich handelt.<\/p><p class=\"p1\">Im Chinesischen Boxen geht es um den Umgang mit Energien und Kr\u00e4ften, die zun\u00e4chst im eigenen K\u00f6rper und im eigenen Bewegungsablauf erkundet werden und in der Folge zu der F\u00e4higkeit fu\u0308hren, einwirkende Energien und Kr\u00e4fte zu absorbieren, umzulenken oder gar in ihr Gegenteil zu verkehren. Der Begriff Kraft kann dabei als physische Energie oder Kraft im Sinne von Joule, aber auch als K\u00f6rper oder Lebensenergie Qi und letztlich auch als auf den Geist und die Psyche einwirkender Faktor verstanden werden.<\/p><p class=\"p1\">Im Chinesischen Boxen wird diese Energiearbeit nach zehn grundlegenden <a href=\"http:\/\/chinese-boxing-institute.de\/prinzipien\/\" target=\"_blank\" rel=\"noopener\">Prinzipien<\/a> gelehrt. Wir Autoren haben auch in anderen Bereichen der Kampfkunst Erfahrungen gesammelt und sind dem Chinesischen Boxen letztlich treu geblieben. Dies hei\u00dft jedoch nicht, dass wir das Chinesische Boxen als h\u00f6herwertige oder gar u\u0308berlegene Methode innerhalb der Vielzahl verschiedener Stile darstellen wollen. Die Diskussion u\u0308ber den besten und erfolgreichsten Stil ist aus unserer Sicht mehr als mu\u0308\u00dfig.<\/p><p class=\"p1\">Wir freuen uns u\u0308ber die gro\u00dfe Bandbreite an M\u00f6glichkeiten und Facetten der verschiedenen Stilrichtungen und vertreten die Meinung, dass jeder in seiner Wahl frei ist und seine Erfahrungen machen kann und soll. Schu\u0308ler und Lehrer anderer Stilrichtungen sind herzlich eingeladen, die Idee des Chinesischen Boxens kennenzulernen und ggf. davon zu profitieren. Wir haben in dieser Methode unsere Heimat gefunden und hoffen, auch andere von dieser noch weitestgehend unbekannten Form der Kampfkunst zu begeistern.<\/p><p class=\"p5\">\u00a0<\/p>\t\t\t\t\t\t<\/div>\n\t\t\t\t<\/div>\n\t\t\t\t\t<\/div>\n\t\t<\/div>\n\t\t\t\t\t<\/div>\n\t\t<\/section>\n\t\t\t\t<section class=\"elementor-section elementor-inner-section elementor-element elementor-element-50645f4f elementor-section-boxed elementor-section-height-default elementor-section-height-default\" data-id=\"50645f4f\" data-element_type=\"section\" data-settings=\"{&quot;background_background&quot;:&quot;classic&quot;}\">\n\t\t\t\t\t\t<div class=\"elementor-container elementor-column-gap-default\">\n\t\t\t\t\t<div class=\"elementor-column elementor-col-100 elementor-inner-column elementor-element elementor-element-c8ea6a0\" data-id=\"c8ea6a0\" data-element_type=\"column\">\n\t\t\t<div class=\"elementor-widget-wrap elementor-element-populated\">\n\t\t\t\t\t\t<div class=\"elementor-element elementor-element-5a729e0e elementor-view-default de_scroll_animation_no elementor-widget elementor-widget-icon\" data-id=\"5a729e0e\" data-element_type=\"widget\" data-widget_type=\"icon.default\">\n\t\t\t\t<div class=\"elementor-widget-container\">\n\t\t\t\t\t<div class=\"elementor-icon-wrapper\">\n\t\t\t<div class=\"elementor-icon\">\n\t\t\t<i aria-hidden=\"true\" class=\"icon icon-quote2\"><\/i>\t\t\t<\/div>\n\t\t<\/div>\n\t\t\t\t<\/div>\n\t\t\t\t<\/div>\n\t\t\t\t<div class=\"elementor-element elementor-element-7ba62f2b de_scroll_animation_no elementor-widget elementor-widget-text-editor\" data-id=\"7ba62f2b\" data-element_type=\"widget\" data-widget_type=\"text-editor.default\">\n\t\t\t\t<div class=\"elementor-widget-container\">\n\t\t\t\t\t\t\t<h3><em>\u201cDu musst zu dem Einfachen zur\u00fcckkehren und verstehen, dass die Vielzahl der Techniken keinen Sinn machen, ohne die Grundlagen der einfachen Prinzipien\u201d<\/em><\/h3><p>&#8211; James Cravens<\/p>\t\t\t\t\t\t<\/div>\n\t\t\t\t<\/div>\n\t\t\t\t\t<\/div>\n\t\t<\/div>\n\t\t\t\t\t<\/div>\n\t\t<\/section>\n\t\t\t\t<div class=\"elementor-element elementor-element-52426c95 de_scroll_animation_no elementor-widget elementor-widget-text-editor\" data-id=\"52426c95\" data-element_type=\"widget\" data-widget_type=\"text-editor.default\">\n\t\t\t\t<div class=\"elementor-widget-container\">\n\t\t\t\t\t\t\t<p>Wer sich auf das Chinesische Boxen als Schu\u0308ler einl\u00e4sst, wird feststellen, dass es nicht darum geht, dem Schu\u0308ler eine \u00e4u\u00dfere Form \u201eu\u0308berzustu\u0308lpen\u201c, sondern die Energien und Prinzipien in sich selbst zu entdecken und umzusetzen. Individualit\u00e4t in der Umsetzung der Prinzipien steht stets im Vordergrund und es ist v\u00f6llig selbstverst\u00e4ndlich, dass sich die Bewegungen der Schu\u0308ler unterscheiden, so wie sie eben auch mit h\u00f6chst unterschiedlichen K\u00f6rpern ihr Training beginnen. Die Bewegungsabl\u00e4ufe sind insgesamt auf die Schonung der Gelenke angelegt, es ist fu\u0308r den Trainingsbeginn keine ausgepr\u00e4gte physische Fitness, Beweglichkeit oder Kraft erforderlich und die Techniken k\u00f6nnen (zumindest vereinfacht) von Kindern erlernt werden. Ein Training bis ins hohe Alter hinein ist problemlos m\u00f6glich.<\/p>\t\t\t\t\t\t<\/div>\n\t\t\t\t<\/div>\n\t\t\t\t\t<\/div>\n\t\t<\/div>\n\t\t\t\t\t<\/div>\n\t\t<\/section>\n\t\t\t\t<\/div>","protected":false},"excerpt":{"rendered":"<p>Chinese Boxing Chinesisches Boxen stellt einen Weg des Lernens und der Arbeit am eigenen Selbst dar. Dabei\u00a0erlernte Techniken sind \u2013 neben allen gesunderhaltenden Aspekten fu\u0308r K\u00f6rper und Geist \u2013 in ihrem Wesen darauf ausgerichtet, Angriffe auf die eigene Person abzuwehren, wobei andere Personen verletzt werden k\u00f6nnen. Tats\u00e4chlich geht es im Chinesischen Boxen nicht um Sport, [&hellip;]<\/p>\n","protected":false},"author":2,"featured_media":0,"parent":0,"menu_order":0,"comment_status":"closed","ping_status":"closed","template":"","meta":{"_monsterinsights_skip_tracking":false,"_monsterinsights_sitenote_active":false,"_monsterinsights_sitenote_note":"","_monsterinsights_sitenote_category":0,"footnotes":""},"_links":{"self":[{"href":"http:\/\/chinese-boxing-institute.de\/chinese-boxing-starten\/wp-json\/wp\/v2\/pages\/2"}],"collection":[{"href":"http:\/\/chinese-boxing-institute.de\/chinese-boxing-starten\/wp-json\/wp\/v2\/pages"}],"about":[{"href":"http:\/\/chinese-boxing-institute.de\/chinese-boxing-starten\/wp-json\/wp\/v2\/types\/page"}],"author":[{"embeddable":true,"href":"http:\/\/chinese-boxing-institute.de\/chinese-boxing-starten\/wp-json\/wp\/v2\/users\/2"}],"replies":[{"embeddable":true,"href":"http:\/\/chinese-boxing-institute.de\/chinese-boxing-starten\/wp-json\/wp\/v2\/comments?post=2"}],"version-history":[{"count":42,"href":"http:\/\/chinese-boxing-institute.de\/chinese-boxing-starten\/wp-json\/wp\/v2\/pages\/2\/revisions"}],"predecessor-version":[{"id":16374,"href":"http:\/\/chinese-boxing-institute.de\/chinese-boxing-starten\/wp-json\/wp\/v2\/pages\/2\/revisions\/16374"}],"wp:attachment":[{"href":"http:\/\/chinese-boxing-institute.de\/chinese-boxing-starten\/wp-json\/wp\/v2\/media?parent=2"}],"curies":[{"name":"wp","href":"https:\/\/api.w.org\/{rel}","templated":true}]}}