{"id":15399,"date":"2018-09-13T10:34:48","date_gmt":"2018-09-13T10:34:48","guid":{"rendered":"http:\/\/chinese-boxing-institute.de\/?page_id=15399"},"modified":"2024-04-18T11:18:10","modified_gmt":"2024-04-18T11:18:10","slug":"aktuelles","status":"publish","type":"page","link":"http:\/\/chinese-boxing-institute.de\/chinese-boxing-starten\/aktuelles\/","title":{"rendered":"Aktuelles"},"content":{"rendered":"<div data-elementor-type=\"wp-page\" data-elementor-id=\"15399\" class=\"elementor elementor-15399\" data-elementor-post-type=\"page\">\n\t\t\t\t\t\t<section class=\"elementor-section elementor-top-section elementor-element elementor-element-5594ce00 elementor-section-boxed elementor-section-height-default elementor-section-height-default\" data-id=\"5594ce00\" data-element_type=\"section\" data-settings=\"{&quot;background_background&quot;:&quot;classic&quot;}\">\n\t\t\t\t\t\t\t<div class=\"elementor-background-overlay\"><\/div>\n\t\t\t\t\t\t\t<div class=\"elementor-container elementor-column-gap-default\">\n\t\t\t\t\t<div class=\"elementor-column elementor-col-100 elementor-top-column elementor-element elementor-element-3522b9af elementor-invisible\" data-id=\"3522b9af\" data-element_type=\"column\" data-settings=\"{&quot;animation&quot;:&quot;fadeInUp&quot;}\">\n\t\t\t<div class=\"elementor-widget-wrap elementor-element-populated\">\n\t\t\t\t\t\t<div class=\"elementor-element elementor-element-7a9f213b de_scroll_animation_no elementor-invisible elementor-widget elementor-widget-heading\" data-id=\"7a9f213b\" data-element_type=\"widget\" data-settings=\"{&quot;_animation&quot;:&quot;fadeInUp&quot;}\" data-widget_type=\"heading.default\">\n\t\t\t\t<div class=\"elementor-widget-container\">\n\t\t\t<h2 class=\"elementor-heading-title elementor-size-default\">Aktuelles<\/h2>\t\t<\/div>\n\t\t\t\t<\/div>\n\t\t\t\t\t<\/div>\n\t\t<\/div>\n\t\t\t\t\t<\/div>\n\t\t<\/section>\n\t\t\t\t<section class=\"elementor-section elementor-top-section elementor-element elementor-element-e7caf8b elementor-section-boxed elementor-section-height-default elementor-section-height-default\" data-id=\"e7caf8b\" data-element_type=\"section\">\n\t\t\t\t\t\t<div class=\"elementor-container elementor-column-gap-default\">\n\t\t\t\t\t<div class=\"elementor-column elementor-col-100 elementor-top-column elementor-element elementor-element-f4b44bf\" data-id=\"f4b44bf\" data-element_type=\"column\">\n\t\t\t<div class=\"elementor-widget-wrap elementor-element-populated\">\n\t\t\t\t\t\t<div class=\"elementor-element elementor-element-f01ad08 elementor-grid-3 elementor-grid-tablet-2 elementor-grid-mobile-1 elementor-posts--thumbnail-top elementor-card-shadow-yes elementor-posts__hover-gradient de_scroll_animation_no elementor-widget elementor-widget-posts\" data-id=\"f01ad08\" data-element_type=\"widget\" data-settings=\"{&quot;cards_columns&quot;:&quot;3&quot;,&quot;cards_columns_tablet&quot;:&quot;2&quot;,&quot;cards_columns_mobile&quot;:&quot;1&quot;,&quot;cards_row_gap&quot;:{&quot;unit&quot;:&quot;px&quot;,&quot;size&quot;:35,&quot;sizes&quot;:[]},&quot;cards_row_gap_tablet&quot;:{&quot;unit&quot;:&quot;px&quot;,&quot;size&quot;:&quot;&quot;,&quot;sizes&quot;:[]},&quot;cards_row_gap_mobile&quot;:{&quot;unit&quot;:&quot;px&quot;,&quot;size&quot;:&quot;&quot;,&quot;sizes&quot;:[]}}\" data-widget_type=\"posts.cards\">\n\t\t\t\t<div class=\"elementor-widget-container\">\n\t\t\t\t\t<div class=\"elementor-posts-container elementor-posts elementor-posts--skin-cards elementor-grid\">\n\t\t\t\t<article class=\"elementor-post elementor-grid-item post-15600 post type-post status-publish format-standard has-post-thumbnail hentry category-news tag-buch tag-chinese-boxing tag-kampfkunst tag-kungfu tag-neuerscheinung\">\n\t\t\t<div class=\"elementor-post__card\">\n\t\t\t\t<a class=\"elementor-post__thumbnail__link\" href=\"http:\/\/chinese-boxing-institute.de\/chinese-boxing-starten\/passwortaenderung-in-2020-chinese-boxing-videos-grundlagenbuchneuerscheinung-chinese-boxing-innere-chinesische-kampfkunst-2\/\" tabindex=\"-1\" ><div class=\"elementor-post__thumbnail\"><img fetchpriority=\"high\" decoding=\"async\" width=\"212\" height=\"300\" src=\"http:\/\/chinese-boxing-institute.de\/wp-content\/uploads\/2017\/12\/chinese_boxing_buch-212x300.jpg\" class=\"attachment-medium size-medium wp-image-79\" alt=\"\" srcset=\"http:\/\/chinese-boxing-institute.de\/wp-content\/uploads\/2017\/12\/chinese_boxing_buch-212x300.jpg 212w, http:\/\/chinese-boxing-institute.de\/wp-content\/uploads\/2017\/12\/chinese_boxing_buch-768x1086.jpg 768w, http:\/\/chinese-boxing-institute.de\/wp-content\/uploads\/2017\/12\/chinese_boxing_buch-724x1024.jpg 724w, http:\/\/chinese-boxing-institute.de\/wp-content\/uploads\/2017\/12\/chinese_boxing_buch.jpg 1273w\" sizes=\"(max-width: 212px) 100vw, 212px\" \/><\/div><\/a>\n\t\t\t\t<div class=\"elementor-post__text\">\n\t\t\t\t<h3 class=\"elementor-post__title\">\n\t\t\t<a href=\"http:\/\/chinese-boxing-institute.de\/chinese-boxing-starten\/passwortaenderung-in-2020-chinese-boxing-videos-grundlagenbuchneuerscheinung-chinese-boxing-innere-chinesische-kampfkunst-2\/\" >\n\t\t\t\tPasswort\u00e4nderung in 2021: Chinese Boxing Videos Grundlagenbuch\t\t\t<\/a>\n\t\t<\/h3>\n\t\t\t\t<div class=\"elementor-post__excerpt\">\n\t\t\t<p>Wer das Buch erworben hat und in 2020 die \u00dcbungsvideos online weiter nutzen m\u00f6chte, schreibt uns bitte eine E-Mail.<\/p>\n\t\t<\/div>\n\t\t\n\t\t<a class=\"elementor-post__read-more\" href=\"http:\/\/chinese-boxing-institute.de\/chinese-boxing-starten\/passwortaenderung-in-2020-chinese-boxing-videos-grundlagenbuchneuerscheinung-chinese-boxing-innere-chinesische-kampfkunst-2\/\" aria-label=\"Read more about Passwort\u00e4nderung in 2021: Chinese Boxing Videos Grundlagenbuch\" tabindex=\"-1\" >\n\t\t\tWeiterlesen \u00bb\t\t<\/a>\n\n\t\t\t\t<\/div>\n\t\t\t\t\t<\/div>\n\t\t<\/article>\n\t\t\t\t<article class=\"elementor-post elementor-grid-item post-15535 post type-post status-publish format-standard has-post-thumbnail hentry category-news\">\n\t\t\t<div class=\"elementor-post__card\">\n\t\t\t\t<a class=\"elementor-post__thumbnail__link\" href=\"http:\/\/chinese-boxing-institute.de\/chinese-boxing-starten\/nachruf-manfred-steiner\/\" tabindex=\"-1\" ><div class=\"elementor-post__thumbnail\"><img decoding=\"async\" width=\"262\" height=\"300\" src=\"http:\/\/chinese-boxing-institute.de\/wp-content\/uploads\/2019\/07\/Bildschirmfoto-2019-07-05-um-08.43.37-262x300.png\" class=\"attachment-medium size-medium wp-image-15536\" alt=\"\" srcset=\"http:\/\/chinese-boxing-institute.de\/wp-content\/uploads\/2019\/07\/Bildschirmfoto-2019-07-05-um-08.43.37-262x300.png 262w, http:\/\/chinese-boxing-institute.de\/wp-content\/uploads\/2019\/07\/Bildschirmfoto-2019-07-05-um-08.43.37-768x879.png 768w, http:\/\/chinese-boxing-institute.de\/wp-content\/uploads\/2019\/07\/Bildschirmfoto-2019-07-05-um-08.43.37-894x1024.png 894w, http:\/\/chinese-boxing-institute.de\/wp-content\/uploads\/2019\/07\/Bildschirmfoto-2019-07-05-um-08.43.37.png 1378w\" sizes=\"(max-width: 262px) 100vw, 262px\" \/><\/div><\/a>\n\t\t\t\t<div class=\"elementor-post__text\">\n\t\t\t\t<h3 class=\"elementor-post__title\">\n\t\t\t<a href=\"http:\/\/chinese-boxing-institute.de\/chinese-boxing-starten\/nachruf-manfred-steiner\/\" >\n\t\t\t\tNachruf: Manfred Steiner\t\t\t<\/a>\n\t\t<\/h3>\n\t\t\t\t<div class=\"elementor-post__excerpt\">\n\t\t\t<p>Manfred hat mit seiner ihm eigenen Art sehr viele Menschen inspiriert, ist vielen ein Mentor gewesen, hat mit seinem K\u00f6nnen und fundiertem Wissen im Bereich der Kampfk\u00fcnste vielen anderen den Weg gewiesen und hat in seiner Praxis f\u00fcr ganzheitliche Medizin vielen Menschen helfen k\u00f6nnen.<\/p>\n\t\t<\/div>\n\t\t\n\t\t<a class=\"elementor-post__read-more\" href=\"http:\/\/chinese-boxing-institute.de\/chinese-boxing-starten\/nachruf-manfred-steiner\/\" aria-label=\"Read more about Nachruf: Manfred Steiner\" tabindex=\"-1\" >\n\t\t\tWeiterlesen \u00bb\t\t<\/a>\n\n\t\t\t\t<\/div>\n\t\t\t\t\t<\/div>\n\t\t<\/article>\n\t\t\t\t<article class=\"elementor-post elementor-grid-item post-15539 post type-post status-publish format-standard has-post-thumbnail hentry category-news\">\n\t\t\t<div class=\"elementor-post__card\">\n\t\t\t\t<a class=\"elementor-post__thumbnail__link\" href=\"http:\/\/chinese-boxing-institute.de\/chinese-boxing-starten\/obituary-to-manfred-steiner\/\" tabindex=\"-1\" ><div class=\"elementor-post__thumbnail\"><img decoding=\"async\" width=\"262\" height=\"300\" src=\"http:\/\/chinese-boxing-institute.de\/wp-content\/uploads\/2019\/07\/Bildschirmfoto-2019-07-05-um-08.43.37-262x300.png\" class=\"attachment-medium size-medium wp-image-15536\" alt=\"\" srcset=\"http:\/\/chinese-boxing-institute.de\/wp-content\/uploads\/2019\/07\/Bildschirmfoto-2019-07-05-um-08.43.37-262x300.png 262w, http:\/\/chinese-boxing-institute.de\/wp-content\/uploads\/2019\/07\/Bildschirmfoto-2019-07-05-um-08.43.37-768x879.png 768w, http:\/\/chinese-boxing-institute.de\/wp-content\/uploads\/2019\/07\/Bildschirmfoto-2019-07-05-um-08.43.37-894x1024.png 894w, http:\/\/chinese-boxing-institute.de\/wp-content\/uploads\/2019\/07\/Bildschirmfoto-2019-07-05-um-08.43.37.png 1378w\" sizes=\"(max-width: 262px) 100vw, 262px\" \/><\/div><\/a>\n\t\t\t\t<div class=\"elementor-post__text\">\n\t\t\t\t<h3 class=\"elementor-post__title\">\n\t\t\t<a href=\"http:\/\/chinese-boxing-institute.de\/chinese-boxing-starten\/obituary-to-manfred-steiner\/\" >\n\t\t\t\tObituary to Manfred Steiner\t\t\t<\/a>\n\t\t<\/h3>\n\t\t\t\t<div class=\"elementor-post__excerpt\">\n\t\t\t<p>Obituary to Manfred Steiner from Olaf Pachten When I started my training in Manfred&#8217;s old school on Gro\u00dfen Kolonenweg in the mid-90s, his student Detlef<\/p>\n\t\t<\/div>\n\t\t\n\t\t<a class=\"elementor-post__read-more\" href=\"http:\/\/chinese-boxing-institute.de\/chinese-boxing-starten\/obituary-to-manfred-steiner\/\" aria-label=\"Read more about Obituary to Manfred Steiner\" tabindex=\"-1\" >\n\t\t\tWeiterlesen \u00bb\t\t<\/a>\n\n\t\t\t\t<\/div>\n\t\t\t\t\t<\/div>\n\t\t<\/article>\n\t\t\t\t<article class=\"elementor-post elementor-grid-item post-2467 post type-post status-publish format-standard has-post-thumbnail hentry category-news tag-buch tag-chinese-boxing tag-kampfkunst tag-kungfu tag-neuerscheinung\">\n\t\t\t<div class=\"elementor-post__card\">\n\t\t\t\t<a class=\"elementor-post__thumbnail__link\" href=\"http:\/\/chinese-boxing-institute.de\/chinese-boxing-starten\/neuerscheinung-chinese-boxing-innere-chinesische-kampfkunst\/\" tabindex=\"-1\" ><div class=\"elementor-post__thumbnail\"><img fetchpriority=\"high\" decoding=\"async\" width=\"212\" height=\"300\" src=\"http:\/\/chinese-boxing-institute.de\/wp-content\/uploads\/2017\/12\/chinese_boxing_buch-212x300.jpg\" class=\"attachment-medium size-medium wp-image-79\" alt=\"\" srcset=\"http:\/\/chinese-boxing-institute.de\/wp-content\/uploads\/2017\/12\/chinese_boxing_buch-212x300.jpg 212w, http:\/\/chinese-boxing-institute.de\/wp-content\/uploads\/2017\/12\/chinese_boxing_buch-768x1086.jpg 768w, http:\/\/chinese-boxing-institute.de\/wp-content\/uploads\/2017\/12\/chinese_boxing_buch-724x1024.jpg 724w, http:\/\/chinese-boxing-institute.de\/wp-content\/uploads\/2017\/12\/chinese_boxing_buch.jpg 1273w\" sizes=\"(max-width: 212px) 100vw, 212px\" \/><\/div><\/a>\n\t\t\t\t<div class=\"elementor-post__text\">\n\t\t\t\t<h3 class=\"elementor-post__title\">\n\t\t\t<a href=\"http:\/\/chinese-boxing-institute.de\/chinese-boxing-starten\/neuerscheinung-chinese-boxing-innere-chinesische-kampfkunst\/\" >\n\t\t\t\tNeuerscheinung: Chinese Boxing, Innere Chinesische Kampfkunst\t\t\t<\/a>\n\t\t<\/h3>\n\t\t\t\t<div class=\"elementor-post__excerpt\">\n\t\t\t<p>Chinese Boxing schult die Wahrnehmung des eigenen K\u00f6rpers und lehrt das L\u00f6sen von Verspannungen durch gelenkte Aufmerksamkeit. <\/p>\n\t\t<\/div>\n\t\t\n\t\t<a class=\"elementor-post__read-more\" href=\"http:\/\/chinese-boxing-institute.de\/chinese-boxing-starten\/neuerscheinung-chinese-boxing-innere-chinesische-kampfkunst\/\" aria-label=\"Read more about Neuerscheinung: Chinese Boxing, Innere Chinesische Kampfkunst\" tabindex=\"-1\" >\n\t\t\tWeiterlesen \u00bb\t\t<\/a>\n\n\t\t\t\t<\/div>\n\t\t\t\t\t<\/div>\n\t\t<\/article>\n\t\t\t\t<\/div>\n\t\t\n\t\t\t\t<\/div>\n\t\t\t\t<\/div>\n\t\t\t\t\t<\/div>\n\t\t<\/div>\n\t\t\t\t\t<\/div>\n\t\t<\/section>\n\t\t\t\t<\/div>","protected":false},"excerpt":{"rendered":"<p>Aktuelles<\/p>\n","protected":false},"author":2,"featured_media":0,"parent":0,"menu_order":0,"comment_status":"closed","ping_status":"closed","template":"","meta":{"_monsterinsights_skip_tracking":false,"_monsterinsights_sitenote_active":false,"_monsterinsights_sitenote_note":"","_monsterinsights_sitenote_category":0,"footnotes":""},"_links":{"self":[{"href":"http:\/\/chinese-boxing-institute.de\/chinese-boxing-starten\/wp-json\/wp\/v2\/pages\/15399"}],"collection":[{"href":"http:\/\/chinese-boxing-institute.de\/chinese-boxing-starten\/wp-json\/wp\/v2\/pages"}],"about":[{"href":"http:\/\/chinese-boxing-institute.de\/chinese-boxing-starten\/wp-json\/wp\/v2\/types\/page"}],"author":[{"embeddable":true,"href":"http:\/\/chinese-boxing-institute.de\/chinese-boxing-starten\/wp-json\/wp\/v2\/users\/2"}],"replies":[{"embeddable":true,"href":"http:\/\/chinese-boxing-institute.de\/chinese-boxing-starten\/wp-json\/wp\/v2\/comments?post=15399"}],"version-history":[{"count":14,"href":"http:\/\/chinese-boxing-institute.de\/chinese-boxing-starten\/wp-json\/wp\/v2\/pages\/15399\/revisions"}],"predecessor-version":[{"id":16196,"href":"http:\/\/chinese-boxing-institute.de\/chinese-boxing-starten\/wp-json\/wp\/v2\/pages\/15399\/revisions\/16196"}],"wp:attachment":[{"href":"http:\/\/chinese-boxing-institute.de\/chinese-boxing-starten\/wp-json\/wp\/v2\/media?parent=15399"}],"curies":[{"name":"wp","href":"https:\/\/api.w.org\/{rel}","templated":true}]}}