{"id":15358,"date":"2018-09-06T13:33:44","date_gmt":"2018-09-06T13:33:44","guid":{"rendered":"http:\/\/chinese-boxing-institute.de\/?page_id=15358"},"modified":"2024-04-18T15:37:13","modified_gmt":"2024-04-18T15:37:13","slug":"peine","status":"publish","type":"page","link":"http:\/\/chinese-boxing-institute.de\/chinese-boxing-starten\/peine\/","title":{"rendered":"Peine"},"content":{"rendered":"<div data-elementor-type=\"wp-page\" data-elementor-id=\"15358\" class=\"elementor elementor-15358\" data-elementor-post-type=\"page\">\n\t\t\t\t\t\t<section class=\"elementor-section elementor-top-section elementor-element elementor-element-34e90b8c elementor-section-boxed elementor-section-height-default elementor-section-height-default\" data-id=\"34e90b8c\" data-element_type=\"section\" data-settings=\"{&quot;background_background&quot;:&quot;classic&quot;}\">\n\t\t\t\t\t\t\t<div class=\"elementor-background-overlay\"><\/div>\n\t\t\t\t\t\t\t<div class=\"elementor-container elementor-column-gap-default\">\n\t\t\t\t\t<div class=\"elementor-column elementor-col-100 elementor-top-column elementor-element elementor-element-4a8755de elementor-invisible\" data-id=\"4a8755de\" data-element_type=\"column\" data-settings=\"{&quot;animation&quot;:&quot;fadeInUp&quot;}\">\n\t\t\t<div class=\"elementor-widget-wrap elementor-element-populated\">\n\t\t\t\t\t\t<div class=\"elementor-element elementor-element-41cb60f1 de_scroll_animation_no elementor-invisible elementor-widget elementor-widget-heading\" data-id=\"41cb60f1\" data-element_type=\"widget\" data-settings=\"{&quot;_animation&quot;:&quot;fadeInUp&quot;}\" data-widget_type=\"heading.default\">\n\t\t\t\t<div class=\"elementor-widget-container\">\n\t\t\t<h2 class=\"elementor-heading-title elementor-size-default\">Peine<\/h2>\t\t<\/div>\n\t\t\t\t<\/div>\n\t\t\t\t\t<\/div>\n\t\t<\/div>\n\t\t\t\t\t<\/div>\n\t\t<\/section>\n\t\t\t\t<section class=\"elementor-section elementor-top-section elementor-element elementor-element-cb3c0f0 elementor-section-boxed elementor-section-height-default elementor-section-height-default\" data-id=\"cb3c0f0\" data-element_type=\"section\">\n\t\t\t\t\t\t<div class=\"elementor-container elementor-column-gap-default\">\n\t\t\t\t\t<div class=\"elementor-column elementor-col-100 elementor-top-column elementor-element elementor-element-330675bc elementor-invisible\" data-id=\"330675bc\" data-element_type=\"column\" data-settings=\"{&quot;animation&quot;:&quot;fadeIn&quot;}\">\n\t\t\t<div class=\"elementor-widget-wrap elementor-element-populated\">\n\t\t\t\t\t\t<div class=\"elementor-element elementor-element-4e3ea96c elementor-drop-cap-yes elementor-drop-cap-view-default de_scroll_animation_no elementor-widget elementor-widget-text-editor\" data-id=\"4e3ea96c\" data-element_type=\"widget\" data-settings=\"{&quot;drop_cap&quot;:&quot;yes&quot;}\" data-widget_type=\"text-editor.default\">\n\t\t\t\t<div class=\"elementor-widget-container\">\n\t\t\t\t\t\t\t<p>Chinese Boxing ist f\u00fcr mich eine genial-intelligente Kampfkunst, die zu echter Selbstverteidigung, Gesundheit und pers\u00f6nlicher Entwicklung f\u00fchrt. Es ist nach meiner Erfahrung f\u00fcr westliche Menschen besser erfahr- und erlernbar sowie ges\u00fcnder als Kampfsport und geht inhaltlich weit dar\u00fcber hinaus.<\/p>\t\t\t\t\t\t<\/div>\n\t\t\t\t<\/div>\n\t\t\t\t\t<\/div>\n\t\t<\/div>\n\t\t\t\t\t<\/div>\n\t\t<\/section>\n\t\t\t\t<section class=\"elementor-section elementor-top-section elementor-element elementor-element-1fe79f3d elementor-section-boxed elementor-section-height-default elementor-section-height-default\" data-id=\"1fe79f3d\" data-element_type=\"section\">\n\t\t\t\t\t\t<div class=\"elementor-container elementor-column-gap-default\">\n\t\t\t\t\t<div class=\"elementor-column elementor-col-50 elementor-top-column elementor-element elementor-element-171f7c\" data-id=\"171f7c\" data-element_type=\"column\">\n\t\t\t<div class=\"elementor-widget-wrap elementor-element-populated\">\n\t\t\t\t\t\t<div class=\"elementor-element elementor-element-42d14f20 de_scroll_animation_no elementor-widget elementor-widget-image\" data-id=\"42d14f20\" data-element_type=\"widget\" data-widget_type=\"image.default\">\n\t\t\t\t<div class=\"elementor-widget-container\">\n\t\t\t\t\t\t\t\t\t\t\t\t\t\t<a href=\"https:\/\/olafpachten.de\/\">\n\t\t\t\t\t\t\t<img fetchpriority=\"high\" decoding=\"async\" width=\"800\" height=\"787\" src=\"http:\/\/chinese-boxing-institute.de\/wp-content\/uploads\/2018\/09\/Bildschirmfoto-2018-09-06-um-15.33.08-1024x1007.png\" class=\"attachment-large size-large wp-image-15363\" alt=\"\" srcset=\"http:\/\/chinese-boxing-institute.de\/wp-content\/uploads\/2018\/09\/Bildschirmfoto-2018-09-06-um-15.33.08-1024x1007.png 1024w, http:\/\/chinese-boxing-institute.de\/wp-content\/uploads\/2018\/09\/Bildschirmfoto-2018-09-06-um-15.33.08-300x295.png 300w, http:\/\/chinese-boxing-institute.de\/wp-content\/uploads\/2018\/09\/Bildschirmfoto-2018-09-06-um-15.33.08-768x755.png 768w, http:\/\/chinese-boxing-institute.de\/wp-content\/uploads\/2018\/09\/Bildschirmfoto-2018-09-06-um-15.33.08.png 1340w\" sizes=\"(max-width: 800px) 100vw, 800px\" \/>\t\t\t\t\t\t\t\t<\/a>\n\t\t\t\t\t\t\t\t\t\t\t\t\t<\/div>\n\t\t\t\t<\/div>\n\t\t\t\t<div class=\"elementor-element elementor-element-3e7d379 de_scroll_animation_no elementor-invisible elementor-widget elementor-widget-text-editor\" data-id=\"3e7d379\" data-element_type=\"widget\" data-settings=\"{&quot;_animation&quot;:&quot;fadeInUp&quot;}\" data-widget_type=\"text-editor.default\">\n\t\t\t\t<div class=\"elementor-widget-container\">\n\t\t\t\t\t\t\t<p>Peine<\/p>\t\t\t\t\t\t<\/div>\n\t\t\t\t<\/div>\n\t\t\t\t<div class=\"elementor-element elementor-element-30a51713 de_scroll_animation_no elementor-invisible elementor-widget elementor-widget-heading\" data-id=\"30a51713\" data-element_type=\"widget\" data-settings=\"{&quot;_animation&quot;:&quot;fadeInUp&quot;,&quot;_animation_delay&quot;:200}\" data-widget_type=\"heading.default\">\n\t\t\t\t<div class=\"elementor-widget-container\">\n\t\t\t<h2 class=\"elementor-heading-title elementor-size-default\">Karsten R\u00f6der<\/h2>\t\t<\/div>\n\t\t\t\t<\/div>\n\t\t\t\t<div class=\"elementor-element elementor-element-38fdeb12 de_scroll_animation_no elementor-invisible elementor-widget elementor-widget-text-editor\" data-id=\"38fdeb12\" data-element_type=\"widget\" data-settings=\"{&quot;_animation&quot;:&quot;fadeInUp&quot;,&quot;_animation_delay&quot;:400}\" data-widget_type=\"text-editor.default\">\n\t\t\t\t<div class=\"elementor-widget-container\">\n\t\t\t\t\t\t\t<p><strong>Trainingszeiten:<\/strong><\/p><p class=\"Element___StyledP-sc-fs72gd-7\"><b>Dienstag\u00a0<\/b>\u00a0&#8211; im EASYFITNESS Peine &#8211; An der Ziegelei 10<\/p><ul class=\"Element___StyledUl-sc-fs72gd-13 list list--square\"><li class=\"Element___StyledLi-sc-fs72gd-14\"><b>Tai Chi \u00a0<\/b>19:00 Uhr \u2013 20:00 Uhr<\/li><li class=\"Element___StyledLi-sc-fs72gd-14\"><b>Chinese Boxing Core<\/b>\u00a0 20:00 Uhr bis 21:00 Uhr<\/li><\/ul><p class=\"Element___StyledP-sc-fs72gd-7\"><strong>Donnerstag<\/strong>\u00a0&#8211; im EASYFINTESS Peine &#8211; Hagenstra\u00dfe 17<\/p><ul class=\"Element___StyledUl-sc-fs72gd-13 list list--square\"><li class=\"Element___StyledLi-sc-fs72gd-14\"><b>Tai Chi \u00a0<\/b>19:00 Uhr \u2013 20:00 Uhr<\/li><li class=\"Element___StyledLi-sc-fs72gd-14\"><b>Chinese Boxing Core<\/b>\u00a020:00 Uhr bis 21:00 Uhr<\/li><\/ul><p class=\"Element___StyledP-sc-fs72gd-7\">Wir bieten ein zweiw\u00f6chiges kostenloses Probetraining!\u00a0<\/p><p><strong>Kontakt:<\/strong><\/p><p>Telefon 0176 44704044<br \/><a href=\"mailto:cbi_pe@yahoo.de\" target=\"_blank\" rel=\"noopener\">cbi_pe@yahoo.de<\/a><\/p>\t\t\t\t\t\t<\/div>\n\t\t\t\t<\/div>\n\t\t\t\t<div class=\"elementor-element elementor-element-3eefc5cc elementor-tablet-align-center de_scroll_animation_no elementor-invisible elementor-widget elementor-widget-button\" data-id=\"3eefc5cc\" data-element_type=\"widget\" data-settings=\"{&quot;_animation&quot;:&quot;fadeInUp&quot;,&quot;_animation_delay&quot;:600}\" data-widget_type=\"button.default\">\n\t\t\t\t<div class=\"elementor-widget-container\">\n\t\t\t\t\t<div class=\"elementor-button-wrapper\">\n\t\t\t<a class=\"elementor-button elementor-button-link elementor-size-sm\" href=\"http:\/\/www.cbi-pe.de\/\" target=\"_blank\">\n\t\t\t\t\t\t<span class=\"elementor-button-content-wrapper\">\n\t\t\t\t\t\t\t\t\t<span class=\"elementor-button-text\">Homepage<\/span>\n\t\t\t\t\t<\/span>\n\t\t\t\t\t<\/a>\n\t\t<\/div>\n\t\t\t\t<\/div>\n\t\t\t\t<\/div>\n\t\t\t\t\t<\/div>\n\t\t<\/div>\n\t\t\t\t<div class=\"elementor-column elementor-col-50 elementor-top-column elementor-element elementor-element-70dd6eae\" data-id=\"70dd6eae\" data-element_type=\"column\">\n\t\t\t<div class=\"elementor-widget-wrap elementor-element-populated\">\n\t\t\t\t\t\t<section class=\"elementor-section elementor-inner-section elementor-element elementor-element-1685772f elementor-section-boxed elementor-section-height-default elementor-section-height-default elementor-invisible\" data-id=\"1685772f\" data-element_type=\"section\" data-settings=\"{&quot;animation&quot;:&quot;fadeInUp&quot;,&quot;animation_delay&quot;:600}\">\n\t\t\t\t\t\t<div class=\"elementor-container elementor-column-gap-default\">\n\t\t\t\t\t<div class=\"elementor-column elementor-col-100 elementor-inner-column elementor-element elementor-element-6a89f68\" data-id=\"6a89f68\" data-element_type=\"column\">\n\t\t\t<div class=\"elementor-widget-wrap elementor-element-populated\">\n\t\t\t\t\t\t<div class=\"elementor-element elementor-element-5a0ef0c6 de_scroll_animation_no elementor-widget elementor-widget-image\" data-id=\"5a0ef0c6\" data-element_type=\"widget\" data-widget_type=\"image.default\">\n\t\t\t\t<div class=\"elementor-widget-container\">\n\t\t\t\t\t\t\t\t\t\t\t\t\t<img decoding=\"async\" width=\"349\" height=\"537\" src=\"http:\/\/chinese-boxing-institute.de\/wp-content\/uploads\/2018\/09\/KR_web_small-e1713372430645.jpg\" class=\"attachment-full size-full wp-image-15360\" alt=\"\" srcset=\"http:\/\/chinese-boxing-institute.de\/wp-content\/uploads\/2018\/09\/KR_web_small-e1713372430645.jpg 349w, http:\/\/chinese-boxing-institute.de\/wp-content\/uploads\/2018\/09\/KR_web_small-e1713372430645-195x300.jpg 195w\" sizes=\"(max-width: 349px) 100vw, 349px\" \/>\t\t\t\t\t\t\t\t\t\t\t\t\t<\/div>\n\t\t\t\t<\/div>\n\t\t\t\t\t<\/div>\n\t\t<\/div>\n\t\t\t\t\t<\/div>\n\t\t<\/section>\n\t\t\t\t\t<\/div>\n\t\t<\/div>\n\t\t\t\t\t<\/div>\n\t\t<\/section>\n\t\t\t\t<\/div>","protected":false},"excerpt":{"rendered":"<p>Peine Chinese Boxing ist f\u00fcr mich eine genial-intelligente Kampfkunst, die zu echter Selbstverteidigung, Gesundheit und pers\u00f6nlicher Entwicklung f\u00fchrt. Es ist nach meiner Erfahrung f\u00fcr westliche Menschen besser erfahr- und erlernbar sowie ges\u00fcnder als Kampfsport und geht inhaltlich weit dar\u00fcber hinaus. Peine Karsten R\u00f6der Trainingszeiten: Dienstag\u00a0\u00a0&#8211; im EASYFITNESS Peine &#8211; An der Ziegelei 10 Tai Chi [&hellip;]<\/p>\n","protected":false},"author":2,"featured_media":0,"parent":0,"menu_order":0,"comment_status":"closed","ping_status":"closed","template":"","meta":{"_monsterinsights_skip_tracking":false,"_monsterinsights_sitenote_active":false,"_monsterinsights_sitenote_note":"","_monsterinsights_sitenote_category":0,"footnotes":""},"_links":{"self":[{"href":"http:\/\/chinese-boxing-institute.de\/chinese-boxing-starten\/wp-json\/wp\/v2\/pages\/15358"}],"collection":[{"href":"http:\/\/chinese-boxing-institute.de\/chinese-boxing-starten\/wp-json\/wp\/v2\/pages"}],"about":[{"href":"http:\/\/chinese-boxing-institute.de\/chinese-boxing-starten\/wp-json\/wp\/v2\/types\/page"}],"author":[{"embeddable":true,"href":"http:\/\/chinese-boxing-institute.de\/chinese-boxing-starten\/wp-json\/wp\/v2\/users\/2"}],"replies":[{"embeddable":true,"href":"http:\/\/chinese-boxing-institute.de\/chinese-boxing-starten\/wp-json\/wp\/v2\/comments?post=15358"}],"version-history":[{"count":13,"href":"http:\/\/chinese-boxing-institute.de\/chinese-boxing-starten\/wp-json\/wp\/v2\/pages\/15358\/revisions"}],"predecessor-version":[{"id":16354,"href":"http:\/\/chinese-boxing-institute.de\/chinese-boxing-starten\/wp-json\/wp\/v2\/pages\/15358\/revisions\/16354"}],"wp:attachment":[{"href":"http:\/\/chinese-boxing-institute.de\/chinese-boxing-starten\/wp-json\/wp\/v2\/media?parent=15358"}],"curies":[{"name":"wp","href":"https:\/\/api.w.org\/{rel}","templated":true}]}}