{"id":15326,"date":"2018-08-22T09:51:59","date_gmt":"2018-08-22T09:51:59","guid":{"rendered":"http:\/\/chinese-boxing-institute.de\/?page_id=15326"},"modified":"2024-04-18T15:33:48","modified_gmt":"2024-04-18T15:33:48","slug":"bonn-bad-godesberg","status":"publish","type":"page","link":"http:\/\/chinese-boxing-institute.de\/chinese-boxing-starten\/bonn-bad-godesberg\/","title":{"rendered":"Bonn \/ Bad Godesberg"},"content":{"rendered":"<div data-elementor-type=\"wp-page\" data-elementor-id=\"15326\" class=\"elementor elementor-15326\" data-elementor-post-type=\"page\">\n\t\t\t\t\t\t<section class=\"elementor-section elementor-top-section elementor-element elementor-element-38c0344d elementor-section-boxed elementor-section-height-default elementor-section-height-default\" data-id=\"38c0344d\" data-element_type=\"section\" data-settings=\"{&quot;background_background&quot;:&quot;classic&quot;}\">\n\t\t\t\t\t\t\t<div class=\"elementor-background-overlay\"><\/div>\n\t\t\t\t\t\t\t<div class=\"elementor-container elementor-column-gap-default\">\n\t\t\t\t\t<div class=\"elementor-column elementor-col-100 elementor-top-column elementor-element elementor-element-6771dcf8 elementor-invisible\" data-id=\"6771dcf8\" data-element_type=\"column\" data-settings=\"{&quot;animation&quot;:&quot;fadeInUp&quot;}\">\n\t\t\t<div class=\"elementor-widget-wrap elementor-element-populated\">\n\t\t\t\t\t\t<div class=\"elementor-element elementor-element-60b635f3 de_scroll_animation_no elementor-invisible elementor-widget elementor-widget-heading\" data-id=\"60b635f3\" data-element_type=\"widget\" data-settings=\"{&quot;_animation&quot;:&quot;fadeInUp&quot;}\" data-widget_type=\"heading.default\">\n\t\t\t\t<div class=\"elementor-widget-container\">\n\t\t\t<h2 class=\"elementor-heading-title elementor-size-default\">Bonn - Bad Godesberg <\/h2>\t\t<\/div>\n\t\t\t\t<\/div>\n\t\t\t\t\t<\/div>\n\t\t<\/div>\n\t\t\t\t\t<\/div>\n\t\t<\/section>\n\t\t\t\t<section class=\"elementor-section elementor-top-section elementor-element elementor-element-74a5a825 elementor-section-boxed elementor-section-height-default elementor-section-height-default\" data-id=\"74a5a825\" data-element_type=\"section\">\n\t\t\t\t\t\t<div class=\"elementor-container elementor-column-gap-default\">\n\t\t\t\t\t<div class=\"elementor-column elementor-col-100 elementor-top-column elementor-element elementor-element-a0c5303 elementor-invisible\" data-id=\"a0c5303\" data-element_type=\"column\" data-settings=\"{&quot;animation&quot;:&quot;fadeIn&quot;}\">\n\t\t\t<div class=\"elementor-widget-wrap elementor-element-populated\">\n\t\t\t\t\t\t<div class=\"elementor-element elementor-element-7178f948 elementor-drop-cap-yes elementor-drop-cap-view-default de_scroll_animation_no elementor-widget elementor-widget-text-editor\" data-id=\"7178f948\" data-element_type=\"widget\" data-settings=\"{&quot;drop_cap&quot;:&quot;yes&quot;}\" data-widget_type=\"text-editor.default\">\n\t\t\t\t<div class=\"elementor-widget-container\">\n\t\t\t\t\t\t\t<p>Seit 1991 besch\u00e4ftige ich mich intensiv mit den chinesischen Kampfk\u00fcnsten. Sie sind f\u00fcr mich eine wichtige und sinnvolle Erg\u00e4nzung zu meiner T\u00e4tigkeit als Heilpraktiker mit den Schwerpunkten TCM und Osteopathie. Vor allem die inneren Stile des chinesischen Boxen, wie beispielsweise das Taijiquan, lehren auf besondere Weise die Grundprinzipien von Entspannung, ganzheitlicher Bewegung und bewusster K\u00f6rperwahrnehmung. Diese Prinzipien geh\u00f6ren auch zu den Grundlagen meiner Arbeit in der K\u00f6rpertherapie. Ich habe meine Kampfkunstausbildung u.a. am Chinese Boxing Institute International (CBII) in Hannover und am Zhejiang College for TCM in Hangzhou, China gemacht. Ich unterrichte Taijiquan\u00a0und die Kernprinzipien des inneren chinesischen Boxens nach C.G. Casey.<\/p>\t\t\t\t\t\t<\/div>\n\t\t\t\t<\/div>\n\t\t\t\t\t<\/div>\n\t\t<\/div>\n\t\t\t\t\t<\/div>\n\t\t<\/section>\n\t\t\t\t<section class=\"elementor-section elementor-top-section elementor-element elementor-element-7fe4fd2b elementor-section-boxed elementor-section-height-default elementor-section-height-default\" data-id=\"7fe4fd2b\" data-element_type=\"section\">\n\t\t\t\t\t\t<div class=\"elementor-container elementor-column-gap-default\">\n\t\t\t\t\t<div class=\"elementor-column elementor-col-50 elementor-top-column elementor-element elementor-element-6299a4b5\" data-id=\"6299a4b5\" data-element_type=\"column\">\n\t\t\t<div class=\"elementor-widget-wrap elementor-element-populated\">\n\t\t\t\t\t\t<div class=\"elementor-element elementor-element-a9259b5 de_scroll_animation_no elementor-widget elementor-widget-image\" data-id=\"a9259b5\" data-element_type=\"widget\" data-widget_type=\"image.default\">\n\t\t\t\t<div class=\"elementor-widget-container\">\n\t\t\t\t\t\t\t\t\t\t\t\t\t\t<a href=\"https:\/\/olafpachten.de\/\">\n\t\t\t\t\t\t\t<img fetchpriority=\"high\" decoding=\"async\" width=\"343\" height=\"344\" src=\"http:\/\/chinese-boxing-institute.de\/wp-content\/uploads\/2024\/04\/Logo-Olaf.png\" class=\"attachment-large size-large wp-image-16106\" alt=\"\" srcset=\"http:\/\/chinese-boxing-institute.de\/wp-content\/uploads\/2024\/04\/Logo-Olaf.png 343w, http:\/\/chinese-boxing-institute.de\/wp-content\/uploads\/2024\/04\/Logo-Olaf-300x300.png 300w, http:\/\/chinese-boxing-institute.de\/wp-content\/uploads\/2024\/04\/Logo-Olaf-150x150.png 150w\" sizes=\"(max-width: 343px) 100vw, 343px\" \/>\t\t\t\t\t\t\t\t<\/a>\n\t\t\t\t\t\t\t\t\t\t\t\t\t<\/div>\n\t\t\t\t<\/div>\n\t\t\t\t<div class=\"elementor-element elementor-element-330dfef0 de_scroll_animation_no elementor-invisible elementor-widget elementor-widget-text-editor\" data-id=\"330dfef0\" data-element_type=\"widget\" data-settings=\"{&quot;_animation&quot;:&quot;fadeInUp&quot;}\" data-widget_type=\"text-editor.default\">\n\t\t\t\t<div class=\"elementor-widget-container\">\n\t\t\t\t\t\t\t<p>Bonn Bad Godesberg<\/p>\t\t\t\t\t\t<\/div>\n\t\t\t\t<\/div>\n\t\t\t\t<div class=\"elementor-element elementor-element-614c4a9 de_scroll_animation_no elementor-invisible elementor-widget elementor-widget-heading\" data-id=\"614c4a9\" data-element_type=\"widget\" data-settings=\"{&quot;_animation&quot;:&quot;fadeInUp&quot;,&quot;_animation_delay&quot;:200}\" data-widget_type=\"heading.default\">\n\t\t\t\t<div class=\"elementor-widget-container\">\n\t\t\t<h2 class=\"elementor-heading-title elementor-size-default\">Olaf Pachten<\/h2>\t\t<\/div>\n\t\t\t\t<\/div>\n\t\t\t\t<div class=\"elementor-element elementor-element-1ed24914 de_scroll_animation_no elementor-invisible elementor-widget elementor-widget-text-editor\" data-id=\"1ed24914\" data-element_type=\"widget\" data-settings=\"{&quot;_animation&quot;:&quot;fadeInUp&quot;,&quot;_animation_delay&quot;:400}\" data-widget_type=\"text-editor.default\">\n\t\t\t\t<div class=\"elementor-widget-container\">\n\t\t\t\t\t\t\t<p><strong>Trainingszeiten:<\/strong><\/p><p>Mittwoch, 18.30 bis 20 Uhr: Taijiquan<\/p><p><strong>Trainingsort:<\/strong><\/p><p>Praxis Olaf Pachten, Kronprinzenstr. 86; 53173 Bonn<\/p><p><strong>Kontakt:<\/strong><\/p><p>info@olafpachten.de<\/p>\t\t\t\t\t\t<\/div>\n\t\t\t\t<\/div>\n\t\t\t\t<div class=\"elementor-element elementor-element-23493b1 elementor-tablet-align-center de_scroll_animation_no elementor-invisible elementor-widget elementor-widget-button\" data-id=\"23493b1\" data-element_type=\"widget\" data-settings=\"{&quot;_animation&quot;:&quot;fadeInUp&quot;,&quot;_animation_delay&quot;:600}\" data-widget_type=\"button.default\">\n\t\t\t\t<div class=\"elementor-widget-container\">\n\t\t\t\t\t<div class=\"elementor-button-wrapper\">\n\t\t\t<a class=\"elementor-button elementor-button-link elementor-size-sm\" href=\"https:\/\/olafpachten.de\/\" target=\"_blank\">\n\t\t\t\t\t\t<span class=\"elementor-button-content-wrapper\">\n\t\t\t\t\t\t\t\t\t<span class=\"elementor-button-text\">Homepage<\/span>\n\t\t\t\t\t<\/span>\n\t\t\t\t\t<\/a>\n\t\t<\/div>\n\t\t\t\t<\/div>\n\t\t\t\t<\/div>\n\t\t\t\t\t<\/div>\n\t\t<\/div>\n\t\t\t\t<div class=\"elementor-column elementor-col-50 elementor-top-column elementor-element elementor-element-469d8039\" data-id=\"469d8039\" data-element_type=\"column\">\n\t\t\t<div class=\"elementor-widget-wrap elementor-element-populated\">\n\t\t\t\t\t\t<section class=\"elementor-section elementor-inner-section elementor-element elementor-element-273c3a4 elementor-section-boxed elementor-section-height-default elementor-section-height-default elementor-invisible\" data-id=\"273c3a4\" data-element_type=\"section\" data-settings=\"{&quot;animation&quot;:&quot;fadeInUp&quot;,&quot;animation_delay&quot;:600}\">\n\t\t\t\t\t\t<div class=\"elementor-container elementor-column-gap-default\">\n\t\t\t\t\t<div class=\"elementor-column elementor-col-100 elementor-inner-column elementor-element elementor-element-424b57d1\" data-id=\"424b57d1\" data-element_type=\"column\">\n\t\t\t<div class=\"elementor-widget-wrap elementor-element-populated\">\n\t\t\t\t\t\t<div class=\"elementor-element elementor-element-5c07dd6e de_scroll_animation_no elementor-widget elementor-widget-image\" data-id=\"5c07dd6e\" data-element_type=\"widget\" data-widget_type=\"image.default\">\n\t\t\t\t<div class=\"elementor-widget-container\">\n\t\t\t\t\t\t\t\t\t\t\t\t\t<img decoding=\"async\" src=\"http:\/\/chinese-boxing-institute.de\/wp-content\/uploads\/elementor\/thumbs\/Olaf-Pachten-Taiji-im-Gruenen23-e1713369871886-qmumt45kd1h72pidia6n6si8qh4rnohb5s7h8mjwgg.jpg\" title=\"Olaf Pachten Taiji im Gru\u0308nen23\" alt=\"Olaf Pachten Taiji im Gru\u0308nen23\" loading=\"lazy\" \/>\t\t\t\t\t\t\t\t\t\t\t\t\t<\/div>\n\t\t\t\t<\/div>\n\t\t\t\t\t<\/div>\n\t\t<\/div>\n\t\t\t\t\t<\/div>\n\t\t<\/section>\n\t\t\t\t\t<\/div>\n\t\t<\/div>\n\t\t\t\t\t<\/div>\n\t\t<\/section>\n\t\t\t\t<\/div>","protected":false},"excerpt":{"rendered":"<p>Bonn &#8211; Bad Godesberg Seit 1991 besch\u00e4ftige ich mich intensiv mit den chinesischen Kampfk\u00fcnsten. Sie sind f\u00fcr mich eine wichtige und sinnvolle Erg\u00e4nzung zu meiner T\u00e4tigkeit als Heilpraktiker mit den Schwerpunkten TCM und Osteopathie. Vor allem die inneren Stile des chinesischen Boxen, wie beispielsweise das Taijiquan, lehren auf besondere Weise die Grundprinzipien von Entspannung, ganzheitlicher [&hellip;]<\/p>\n","protected":false},"author":2,"featured_media":0,"parent":0,"menu_order":0,"comment_status":"closed","ping_status":"closed","template":"","meta":{"_monsterinsights_skip_tracking":false,"_monsterinsights_sitenote_active":false,"_monsterinsights_sitenote_note":"","_monsterinsights_sitenote_category":0,"footnotes":""},"_links":{"self":[{"href":"http:\/\/chinese-boxing-institute.de\/chinese-boxing-starten\/wp-json\/wp\/v2\/pages\/15326"}],"collection":[{"href":"http:\/\/chinese-boxing-institute.de\/chinese-boxing-starten\/wp-json\/wp\/v2\/pages"}],"about":[{"href":"http:\/\/chinese-boxing-institute.de\/chinese-boxing-starten\/wp-json\/wp\/v2\/types\/page"}],"author":[{"embeddable":true,"href":"http:\/\/chinese-boxing-institute.de\/chinese-boxing-starten\/wp-json\/wp\/v2\/users\/2"}],"replies":[{"embeddable":true,"href":"http:\/\/chinese-boxing-institute.de\/chinese-boxing-starten\/wp-json\/wp\/v2\/comments?post=15326"}],"version-history":[{"count":28,"href":"http:\/\/chinese-boxing-institute.de\/chinese-boxing-starten\/wp-json\/wp\/v2\/pages\/15326\/revisions"}],"predecessor-version":[{"id":16345,"href":"http:\/\/chinese-boxing-institute.de\/chinese-boxing-starten\/wp-json\/wp\/v2\/pages\/15326\/revisions\/16345"}],"wp:attachment":[{"href":"http:\/\/chinese-boxing-institute.de\/chinese-boxing-starten\/wp-json\/wp\/v2\/media?parent=15326"}],"curies":[{"name":"wp","href":"https:\/\/api.w.org\/{rel}","templated":true}]}}