{"id":15262,"date":"2018-08-22T10:09:10","date_gmt":"2018-08-22T10:09:10","guid":{"rendered":"http:\/\/chinese-boxing-institute.de\/?page_id=15262"},"modified":"2024-04-18T15:36:19","modified_gmt":"2024-04-18T15:36:19","slug":"hannover-langenhagen","status":"publish","type":"page","link":"http:\/\/chinese-boxing-institute.de\/chinese-boxing-starten\/hannover-langenhagen\/","title":{"rendered":"Hannover \/ Langenhagen"},"content":{"rendered":"<div data-elementor-type=\"wp-page\" data-elementor-id=\"15262\" class=\"elementor elementor-15262\" data-elementor-post-type=\"page\">\n\t\t\t\t\t\t<section class=\"elementor-section elementor-top-section elementor-element elementor-element-131d2617 elementor-section-boxed elementor-section-height-default elementor-section-height-default\" data-id=\"131d2617\" data-element_type=\"section\" data-settings=\"{&quot;background_background&quot;:&quot;classic&quot;}\">\n\t\t\t\t\t\t\t<div class=\"elementor-background-overlay\"><\/div>\n\t\t\t\t\t\t\t<div class=\"elementor-container elementor-column-gap-default\">\n\t\t\t\t\t<div class=\"elementor-column elementor-col-100 elementor-top-column elementor-element elementor-element-3e55a126 elementor-invisible\" data-id=\"3e55a126\" data-element_type=\"column\" data-settings=\"{&quot;animation&quot;:&quot;fadeInUp&quot;}\">\n\t\t\t<div class=\"elementor-widget-wrap elementor-element-populated\">\n\t\t\t\t\t\t<div class=\"elementor-element elementor-element-395c2a9a de_scroll_animation_no elementor-invisible elementor-widget elementor-widget-heading\" data-id=\"395c2a9a\" data-element_type=\"widget\" data-settings=\"{&quot;_animation&quot;:&quot;fadeInUp&quot;}\" data-widget_type=\"heading.default\">\n\t\t\t\t<div class=\"elementor-widget-container\">\n\t\t\t<h2 class=\"elementor-heading-title elementor-size-default\">Hannover - Langenhagen<\/h2>\t\t<\/div>\n\t\t\t\t<\/div>\n\t\t\t\t\t<\/div>\n\t\t<\/div>\n\t\t\t\t\t<\/div>\n\t\t<\/section>\n\t\t\t\t<section class=\"elementor-section elementor-top-section elementor-element elementor-element-7a6cb161 elementor-section-boxed elementor-section-height-default elementor-section-height-default\" data-id=\"7a6cb161\" data-element_type=\"section\">\n\t\t\t\t\t\t<div class=\"elementor-container elementor-column-gap-default\">\n\t\t\t\t\t<div class=\"elementor-column elementor-col-100 elementor-top-column elementor-element elementor-element-26685156 elementor-invisible\" data-id=\"26685156\" data-element_type=\"column\" data-settings=\"{&quot;animation&quot;:&quot;fadeIn&quot;}\">\n\t\t\t<div class=\"elementor-widget-wrap elementor-element-populated\">\n\t\t\t\t\t\t<div class=\"elementor-element elementor-element-459545c2 elementor-drop-cap-yes elementor-drop-cap-view-default de_scroll_animation_no elementor-widget elementor-widget-text-editor\" data-id=\"459545c2\" data-element_type=\"widget\" data-settings=\"{&quot;drop_cap&quot;:&quot;yes&quot;}\" data-widget_type=\"text-editor.default\">\n\t\t\t\t<div class=\"elementor-widget-container\">\n\t\t\t\t\t\t\t<p>Seit 1981 gebe ich das Wissen und K\u00f6nnen historischer Meister der &#8222;Inneren Schulen&#8220; weiter. Chinesisches Boxen f\u00fchrt \u00a0zu den Wurzeln Innerer Kampfkunst\u00a0\u00a0zur\u00fcck, deren Prinzipien sich jedem individuell erschlie\u00dfen und die h\u00f6chste Effektivit\u00e4t kultivieren. Das Erlernen dieser Prinzipien ist unabh\u00e4ngig von der k\u00f6rperlichen Fitness und dem Alter. Sie er\u00f6ffnen auch erfahrenen Kampfsportlern und Tai Chi Praktikern Perspektiven,Ihren eigenen Stil weiterzuentwickeln.<\/p>\t\t\t\t\t\t<\/div>\n\t\t\t\t<\/div>\n\t\t\t\t\t<\/div>\n\t\t<\/div>\n\t\t\t\t\t<\/div>\n\t\t<\/section>\n\t\t\t\t<section class=\"elementor-section elementor-top-section elementor-element elementor-element-4a377777 elementor-section-boxed elementor-section-height-default elementor-section-height-default\" data-id=\"4a377777\" data-element_type=\"section\">\n\t\t\t\t\t\t<div class=\"elementor-container elementor-column-gap-default\">\n\t\t\t\t\t<div class=\"elementor-column elementor-col-50 elementor-top-column elementor-element elementor-element-7747a5b8\" data-id=\"7747a5b8\" data-element_type=\"column\">\n\t\t\t<div class=\"elementor-widget-wrap elementor-element-populated\">\n\t\t\t\t\t\t<div class=\"elementor-element elementor-element-40cb52e de_scroll_animation_no elementor-widget elementor-widget-image\" data-id=\"40cb52e\" data-element_type=\"widget\" data-widget_type=\"image.default\">\n\t\t\t\t<div class=\"elementor-widget-container\">\n\t\t\t\t\t\t\t\t\t\t\t\t\t\t<a href=\"https:\/\/olafpachten.de\/\">\n\t\t\t\t\t\t\t<img decoding=\"async\" width=\"160\" height=\"180\" src=\"http:\/\/chinese-boxing-institute.de\/wp-content\/uploads\/2018\/03\/Det.jpg\" class=\"attachment-large size-large wp-image-2328\" alt=\"\" \/>\t\t\t\t\t\t\t\t<\/a>\n\t\t\t\t\t\t\t\t\t\t\t\t\t<\/div>\n\t\t\t\t<\/div>\n\t\t\t\t<div class=\"elementor-element elementor-element-53049283 de_scroll_animation_no elementor-invisible elementor-widget elementor-widget-text-editor\" data-id=\"53049283\" data-element_type=\"widget\" data-settings=\"{&quot;_animation&quot;:&quot;fadeInUp&quot;}\" data-widget_type=\"text-editor.default\">\n\t\t\t\t<div class=\"elementor-widget-container\">\n\t\t\t\t\t\t\t<p>Bonn Bad Godesberg<\/p>\t\t\t\t\t\t<\/div>\n\t\t\t\t<\/div>\n\t\t\t\t<div class=\"elementor-element elementor-element-6bc7b83a de_scroll_animation_no elementor-invisible elementor-widget elementor-widget-heading\" data-id=\"6bc7b83a\" data-element_type=\"widget\" data-settings=\"{&quot;_animation&quot;:&quot;fadeInUp&quot;,&quot;_animation_delay&quot;:200}\" data-widget_type=\"heading.default\">\n\t\t\t\t<div class=\"elementor-widget-container\">\n\t\t\t<h2 class=\"elementor-heading-title elementor-size-default\">Detlef Zimmermann<\/h2>\t\t<\/div>\n\t\t\t\t<\/div>\n\t\t\t\t<div class=\"elementor-element elementor-element-1150ec0b de_scroll_animation_no elementor-invisible elementor-widget elementor-widget-text-editor\" data-id=\"1150ec0b\" data-element_type=\"widget\" data-settings=\"{&quot;_animation&quot;:&quot;fadeInUp&quot;,&quot;_animation_delay&quot;:400}\" data-widget_type=\"text-editor.default\">\n\t\t\t\t<div class=\"elementor-widget-container\">\n\t\t\t\t\t\t\t<p><strong>Trainingsorte und -zeiten:<br \/><b><\/b><\/strong><\/p><p><strong><b>Hannover\/List, An der Apostelkirche 2 (Kugel)<\/b><\/strong><\/p><p>Dienstags 18-19 Uhr: Inneres Tai Chi Chuan<br \/>Dienstags 19-20 Uhr:\u00a0Innere Kampfkunst<\/p><p>Donnertags 18-19 Uhr:\u00a0Hsing I Chuan \/ Pakua Chang (Basic Hooks)<br \/>Donnerstags 19-20 Uhr:\u00a0Inneres Tai Chi Chuan<\/p><p><strong>Langenhagen\/Engelbostel, Stadtweg 43 (MTV)<\/strong><\/p><p>Montags 18-19 Uhr:\u00a0Power Kids<br \/>Montags 19-20 Uhr:\u00a0Inneres Tai Chi Chuan<\/p><p><strong>Kontakt:<\/strong><\/p><p>Tel. 0511-741697<\/p><p>Mobil. 01781405221<\/p><p>E-Mail: <a href=\"mailto:cbii@arcor.de\">cbii@arcor.de<\/a><\/p>\t\t\t\t\t\t<\/div>\n\t\t\t\t<\/div>\n\t\t\t\t<div class=\"elementor-element elementor-element-a8d16f6 elementor-tablet-align-center de_scroll_animation_no elementor-invisible elementor-widget elementor-widget-button\" data-id=\"a8d16f6\" data-element_type=\"widget\" data-settings=\"{&quot;_animation&quot;:&quot;fadeInUp&quot;,&quot;_animation_delay&quot;:600}\" data-widget_type=\"button.default\">\n\t\t\t\t<div class=\"elementor-widget-container\">\n\t\t\t\t\t<div class=\"elementor-button-wrapper\">\n\t\t\t<a class=\"elementor-button elementor-button-link elementor-size-sm\" href=\"https:\/\/www.kungfu-hannover.com\/\" target=\"_blank\">\n\t\t\t\t\t\t<span class=\"elementor-button-content-wrapper\">\n\t\t\t\t\t\t\t\t\t<span class=\"elementor-button-text\">Homepage<\/span>\n\t\t\t\t\t<\/span>\n\t\t\t\t\t<\/a>\n\t\t<\/div>\n\t\t\t\t<\/div>\n\t\t\t\t<\/div>\n\t\t\t\t\t<\/div>\n\t\t<\/div>\n\t\t\t\t<div class=\"elementor-column elementor-col-50 elementor-top-column elementor-element elementor-element-6c07f4ca\" data-id=\"6c07f4ca\" data-element_type=\"column\">\n\t\t\t<div class=\"elementor-widget-wrap elementor-element-populated\">\n\t\t\t\t\t\t<section class=\"elementor-section elementor-inner-section elementor-element elementor-element-436e9153 elementor-section-boxed elementor-section-height-default elementor-section-height-default elementor-invisible\" data-id=\"436e9153\" data-element_type=\"section\" data-settings=\"{&quot;animation&quot;:&quot;fadeInUp&quot;,&quot;animation_delay&quot;:600}\">\n\t\t\t\t\t\t<div class=\"elementor-container elementor-column-gap-default\">\n\t\t\t\t\t<div class=\"elementor-column elementor-col-100 elementor-inner-column elementor-element elementor-element-464b5f3c\" data-id=\"464b5f3c\" data-element_type=\"column\">\n\t\t\t<div class=\"elementor-widget-wrap elementor-element-populated\">\n\t\t\t\t\t\t<div class=\"elementor-element elementor-element-1cd59c0f de_scroll_animation_no elementor-widget elementor-widget-image\" data-id=\"1cd59c0f\" data-element_type=\"widget\" data-widget_type=\"image.default\">\n\t\t\t\t<div class=\"elementor-widget-container\">\n\t\t\t\t\t\t\t\t\t\t\t\t\t<img fetchpriority=\"high\" decoding=\"async\" width=\"1116\" height=\"1109\" src=\"http:\/\/chinese-boxing-institute.de\/wp-content\/uploads\/2018\/12\/DZ-1-e1713454511384.jpg\" class=\"attachment-full size-full wp-image-15434\" alt=\"\" srcset=\"http:\/\/chinese-boxing-institute.de\/wp-content\/uploads\/2018\/12\/DZ-1-e1713454511384.jpg 1116w, http:\/\/chinese-boxing-institute.de\/wp-content\/uploads\/2018\/12\/DZ-1-e1713454511384-150x150.jpg 150w, http:\/\/chinese-boxing-institute.de\/wp-content\/uploads\/2018\/12\/DZ-1-e1713454511384-300x298.jpg 300w, http:\/\/chinese-boxing-institute.de\/wp-content\/uploads\/2018\/12\/DZ-1-e1713454511384-768x763.jpg 768w, http:\/\/chinese-boxing-institute.de\/wp-content\/uploads\/2018\/12\/DZ-1-e1713454511384-1024x1018.jpg 1024w\" sizes=\"(max-width: 1116px) 100vw, 1116px\" \/>\t\t\t\t\t\t\t\t\t\t\t\t\t<\/div>\n\t\t\t\t<\/div>\n\t\t\t\t\t<\/div>\n\t\t<\/div>\n\t\t\t\t\t<\/div>\n\t\t<\/section>\n\t\t\t\t\t<\/div>\n\t\t<\/div>\n\t\t\t\t\t<\/div>\n\t\t<\/section>\n\t\t\t\t<\/div>","protected":false},"excerpt":{"rendered":"<p>Hannover &#8211; Langenhagen Seit 1981 gebe ich das Wissen und K\u00f6nnen historischer Meister der &#8222;Inneren Schulen&#8220; weiter. Chinesisches Boxen f\u00fchrt \u00a0zu den Wurzeln Innerer Kampfkunst\u00a0\u00a0zur\u00fcck, deren Prinzipien sich jedem individuell erschlie\u00dfen und die h\u00f6chste Effektivit\u00e4t kultivieren. Das Erlernen dieser Prinzipien ist unabh\u00e4ngig von der k\u00f6rperlichen Fitness und dem Alter. Sie er\u00f6ffnen auch erfahrenen Kampfsportlern und [&hellip;]<\/p>\n","protected":false},"author":2,"featured_media":0,"parent":0,"menu_order":0,"comment_status":"closed","ping_status":"closed","template":"","meta":{"_monsterinsights_skip_tracking":false,"_monsterinsights_sitenote_active":false,"_monsterinsights_sitenote_note":"","_monsterinsights_sitenote_category":0,"footnotes":""},"_links":{"self":[{"href":"http:\/\/chinese-boxing-institute.de\/chinese-boxing-starten\/wp-json\/wp\/v2\/pages\/15262"}],"collection":[{"href":"http:\/\/chinese-boxing-institute.de\/chinese-boxing-starten\/wp-json\/wp\/v2\/pages"}],"about":[{"href":"http:\/\/chinese-boxing-institute.de\/chinese-boxing-starten\/wp-json\/wp\/v2\/types\/page"}],"author":[{"embeddable":true,"href":"http:\/\/chinese-boxing-institute.de\/chinese-boxing-starten\/wp-json\/wp\/v2\/users\/2"}],"replies":[{"embeddable":true,"href":"http:\/\/chinese-boxing-institute.de\/chinese-boxing-starten\/wp-json\/wp\/v2\/comments?post=15262"}],"version-history":[{"count":17,"href":"http:\/\/chinese-boxing-institute.de\/chinese-boxing-starten\/wp-json\/wp\/v2\/pages\/15262\/revisions"}],"predecessor-version":[{"id":16351,"href":"http:\/\/chinese-boxing-institute.de\/chinese-boxing-starten\/wp-json\/wp\/v2\/pages\/15262\/revisions\/16351"}],"wp:attachment":[{"href":"http:\/\/chinese-boxing-institute.de\/chinese-boxing-starten\/wp-json\/wp\/v2\/media?parent=15262"}],"curies":[{"name":"wp","href":"https:\/\/api.w.org\/{rel}","templated":true}]}}