{"id":130,"date":"2018-01-11T16:41:23","date_gmt":"2018-01-11T16:41:23","guid":{"rendered":"http:\/\/chinese-boxing-institute.de\/?page_id=130"},"modified":"2024-04-19T09:46:15","modified_gmt":"2024-04-19T09:46:15","slug":"ueber-uns","status":"publish","type":"page","link":"http:\/\/chinese-boxing-institute.de\/chinese-boxing-starten\/ueber-uns\/","title":{"rendered":"\u00dcber uns"},"content":{"rendered":"<div data-elementor-type=\"wp-page\" data-elementor-id=\"130\" class=\"elementor elementor-130\" data-elementor-post-type=\"page\">\n\t\t\t\t\t\t<section class=\"elementor-section elementor-top-section elementor-element elementor-element-6cc94923 elementor-section-height-min-height elementor-section-boxed elementor-section-height-default elementor-section-items-middle\" data-id=\"6cc94923\" data-element_type=\"section\" data-settings=\"{&quot;background_background&quot;:&quot;classic&quot;}\">\n\t\t\t\t\t\t\t<div class=\"elementor-background-overlay\"><\/div>\n\t\t\t\t\t\t\t<div class=\"elementor-container elementor-column-gap-default\">\n\t\t\t\t\t<div class=\"elementor-column elementor-col-100 elementor-top-column elementor-element elementor-element-2e64a156 elementor-invisible\" data-id=\"2e64a156\" data-element_type=\"column\" data-settings=\"{&quot;animation&quot;:&quot;fadeInUp&quot;}\">\n\t\t\t<div class=\"elementor-widget-wrap\">\n\t\t\t\t\t\t\t<\/div>\n\t\t<\/div>\n\t\t\t\t\t<\/div>\n\t\t<\/section>\n\t\t\t\t<section class=\"elementor-section elementor-top-section elementor-element elementor-element-1aa3ecf elementor-section-boxed elementor-section-height-default elementor-section-height-default\" data-id=\"1aa3ecf\" data-element_type=\"section\">\n\t\t\t\t\t\t<div class=\"elementor-container elementor-column-gap-default\">\n\t\t\t\t\t<div class=\"elementor-column elementor-col-100 elementor-top-column elementor-element elementor-element-35d72e6e elementor-invisible\" data-id=\"35d72e6e\" data-element_type=\"column\" data-settings=\"{&quot;animation&quot;:&quot;fadeIn&quot;}\">\n\t\t\t<div class=\"elementor-widget-wrap elementor-element-populated\">\n\t\t\t\t\t\t<div class=\"elementor-element elementor-element-313c55fb elementor-drop-cap-yes elementor-drop-cap-view-default de_scroll_animation_no elementor-widget elementor-widget-text-editor\" data-id=\"313c55fb\" data-element_type=\"widget\" data-settings=\"{&quot;drop_cap&quot;:&quot;yes&quot;}\" data-widget_type=\"text-editor.default\">\n\t\t\t\t<div class=\"elementor-widget-container\">\n\t\t\t\t\t\t\t<p>Wir drei haben in verschiedenen Bereichen der Kampfkunst Erfahrungen gesammelt und sind dem Chinesischen Boxen letztlich treu geblieben. Dies hei\u00dft f\u00fcr uns nicht, dass wir Chinesisches Boxen als h\u00f6herwertig oder \u00fcberlegen anpreisen, denn die Diskussion \u00fcber den besten oder erfolgreichsten Stil ist mehr als m\u00fc\u00dfig. Wir freuen uns \u00fcber die gro\u00dfe Bandbreite an M\u00f6glichkeiten und Facetten der verschiedenen Stilrichtungen und vertreten die Meinung, dass jeder in seiner Wahl frei ist und seine Erfahrungen machen kann und soll. Sch\u00fcler und Lehrer anderer Stilrichtungen sind herzlich eingeladen, die Idee des Chinesischen Boxens kennenzulernen und ggf. davon zu profitieren. Wir haben in diesem Stil unsere Heimat gefunden und hoffen, auch andere von dieser noch weitestgehend unbekannten Form der Kampfkunst zu begeistern.<\/p>\t\t\t\t\t\t<\/div>\n\t\t\t\t<\/div>\n\t\t\t\t\t<\/div>\n\t\t<\/div>\n\t\t\t\t\t<\/div>\n\t\t<\/section>\n\t\t\t\t<section class=\"elementor-section elementor-top-section elementor-element elementor-element-3e820ceb elementor-section-boxed elementor-section-height-default elementor-section-height-default\" data-id=\"3e820ceb\" data-element_type=\"section\" data-settings=\"{&quot;background_background&quot;:&quot;classic&quot;}\">\n\t\t\t\t\t\t<div class=\"elementor-container elementor-column-gap-default\">\n\t\t\t\t\t<div class=\"elementor-column elementor-col-100 elementor-top-column elementor-element elementor-element-44cc435f\" data-id=\"44cc435f\" data-element_type=\"column\">\n\t\t\t<div class=\"elementor-widget-wrap elementor-element-populated\">\n\t\t\t\t\t\t<div class=\"elementor-element elementor-element-32c7fd9d de_scroll_animation_no elementor-invisible elementor-widget elementor-widget-text-editor\" data-id=\"32c7fd9d\" data-element_type=\"widget\" data-settings=\"{&quot;_animation&quot;:&quot;fadeInUp&quot;}\" data-widget_type=\"text-editor.default\">\n\t\t\t\t<div class=\"elementor-widget-container\">\n\t\t\t\t\t\t\t<p>Autoren und Trainer<\/p>\t\t\t\t\t\t<\/div>\n\t\t\t\t<\/div>\n\t\t\t\t<div class=\"elementor-element elementor-element-2402c4b1 de_scroll_animation_no elementor-invisible elementor-widget elementor-widget-heading\" data-id=\"2402c4b1\" data-element_type=\"widget\" data-settings=\"{&quot;_animation&quot;:&quot;fadeInUp&quot;,&quot;_animation_delay&quot;:200}\" data-widget_type=\"heading.default\">\n\t\t\t\t<div class=\"elementor-widget-container\">\n\t\t\t<h2 class=\"elementor-heading-title elementor-size-default\">Hamburg, Hannover und Bonn<\/h2>\t\t<\/div>\n\t\t\t\t<\/div>\n\t\t\t\t<section class=\"elementor-section elementor-inner-section elementor-element elementor-element-d167d5 elementor-section-boxed elementor-section-height-default elementor-section-height-default elementor-invisible\" data-id=\"d167d5\" data-element_type=\"section\" data-settings=\"{&quot;animation&quot;:&quot;fadeInUp&quot;,&quot;animation_delay&quot;:400}\">\n\t\t\t\t\t\t<div class=\"elementor-container elementor-column-gap-default\">\n\t\t\t\t\t<div class=\"elementor-column elementor-col-33 elementor-inner-column elementor-element elementor-element-71975743\" data-id=\"71975743\" data-element_type=\"column\">\n\t\t\t<div class=\"elementor-widget-wrap elementor-element-populated\">\n\t\t\t\t\t\t<div class=\"elementor-element elementor-element-168e0fb ekit-equal-height-disable de_scroll_animation_no elementor-widget elementor-widget-elementskit-image-box\" data-id=\"168e0fb\" data-element_type=\"widget\" data-widget_type=\"elementskit-image-box.default\">\n\t\t\t\t<div class=\"elementor-widget-container\">\n\t\t\t<div class=\"ekit-wid-con\" >\n            <div class=\"elementskit-info-image-box ekit-image-box text-center simple-card\" >\n\n                \n                <div class=\"elementskit-box-header image-box-img-center\">\n\n                    <img fetchpriority=\"high\" decoding=\"async\" width=\"714\" height=\"1000\" src=\"http:\/\/chinese-boxing-institute.de\/wp-content\/uploads\/2024\/04\/Chinese-Boxing-Portraits-19.jpg\" class=\"attachment-full size-full wp-image-16302\" alt=\"\" srcset=\"http:\/\/chinese-boxing-institute.de\/wp-content\/uploads\/2024\/04\/Chinese-Boxing-Portraits-19.jpg 714w, http:\/\/chinese-boxing-institute.de\/wp-content\/uploads\/2024\/04\/Chinese-Boxing-Portraits-19-214x300.jpg 214w\" sizes=\"(max-width: 714px) 100vw, 714px\" \/>\n                <\/div>\n                \n                <div class=\"elementskit-box-body ekit-image-box-body\">\n                    <div class=\"elementskit-box-content ekit-image-box-body-inner\">\n                                                <h3 class=\"elementskit-info-box-title\">\n\n                        Eric Metz\n                        \n                    <\/h3>\n                                                            <div class=\"elementskit-box-style-content\">\n                        Instructor Chinese Boxing\n<span><br>\nStil-Schwerpunkt: <br>WaLu Chuan, <br>Wing Chun Chuan,\u00a0<br>Chinese Boxing Synthesis                    <\/div>\n                                    <\/div>\n\n                                <div class=\"elementskit-box-footer\">\n                    <div class=\"box-footer\">\n                        <div class=\"btn-wraper\">\n                                                            <a href=\"http:\/\/chinese-boxing-institute.de\/chinese-boxing-starten\/hamburg\/\" class=\"elementskit-btn whitespace--normal\">\n                                    \n                                    \n                                    Hamburg                                <\/a>\n                                                        <\/div>\n                    <\/div>\n                <\/div>\n                            <\/div>\n            <\/div>\n    <\/div>\t\t<\/div>\n\t\t\t\t<\/div>\n\t\t\t\t\t<\/div>\n\t\t<\/div>\n\t\t\t\t<div class=\"elementor-column elementor-col-33 elementor-inner-column elementor-element elementor-element-236f6539\" data-id=\"236f6539\" data-element_type=\"column\">\n\t\t\t<div class=\"elementor-widget-wrap elementor-element-populated\">\n\t\t\t\t\t\t<div class=\"elementor-element elementor-element-0677f25 ekit-equal-height-disable de_scroll_animation_no elementor-widget elementor-widget-elementskit-image-box\" data-id=\"0677f25\" data-element_type=\"widget\" data-widget_type=\"elementskit-image-box.default\">\n\t\t\t\t<div class=\"elementor-widget-container\">\n\t\t\t<div class=\"ekit-wid-con\" >\n            <div class=\"elementskit-info-image-box ekit-image-box text-center simple-card\" >\n\n                \n                <div class=\"elementskit-box-header image-box-img-center\">\n\n                    <img decoding=\"async\" width=\"714\" height=\"1000\" src=\"http:\/\/chinese-boxing-institute.de\/wp-content\/uploads\/2024\/04\/Chinese-Boxing-Portraits-13.jpg\" class=\"attachment-full size-full wp-image-16296\" alt=\"\" srcset=\"http:\/\/chinese-boxing-institute.de\/wp-content\/uploads\/2024\/04\/Chinese-Boxing-Portraits-13.jpg 714w, http:\/\/chinese-boxing-institute.de\/wp-content\/uploads\/2024\/04\/Chinese-Boxing-Portraits-13-214x300.jpg 214w\" sizes=\"(max-width: 714px) 100vw, 714px\" \/>\n                <\/div>\n                \n                <div class=\"elementskit-box-body ekit-image-box-body\">\n                    <div class=\"elementskit-box-content ekit-image-box-body-inner\">\n                                                <h3 class=\"elementskit-info-box-title\">\n\n                        Holger Jongen\n                        \n                    <\/h3>\n                                                            <div class=\"elementskit-box-style-content\">\n                        Full-Instructor Chinese Boxing <br>\nStil-Schwerpunkt: <br>Taijiquan, Chinese Boxing Synthesis.\nBegr\u00fcnder des Streetsmart-Concepts                    <\/div>\n                                    <\/div>\n\n                                <div class=\"elementskit-box-footer\">\n                    <div class=\"box-footer\">\n                        <div class=\"btn-wraper\">\n                                                            <a href=\"http:\/\/hannov\" class=\"elementskit-btn whitespace--normal\">\n                                    \n                                    \n                                    Hannover                                <\/a>\n                                                        <\/div>\n                    <\/div>\n                <\/div>\n                            <\/div>\n            <\/div>\n    <\/div>\t\t<\/div>\n\t\t\t\t<\/div>\n\t\t\t\t\t<\/div>\n\t\t<\/div>\n\t\t\t\t<div class=\"elementor-column elementor-col-33 elementor-inner-column elementor-element elementor-element-3f11006b\" data-id=\"3f11006b\" data-element_type=\"column\">\n\t\t\t<div class=\"elementor-widget-wrap elementor-element-populated\">\n\t\t\t\t\t\t<div class=\"elementor-element elementor-element-8a3ffc1 ekit-equal-height-disable de_scroll_animation_no elementor-widget elementor-widget-elementskit-image-box\" data-id=\"8a3ffc1\" data-element_type=\"widget\" data-widget_type=\"elementskit-image-box.default\">\n\t\t\t\t<div class=\"elementor-widget-container\">\n\t\t\t<div class=\"ekit-wid-con\" >\n            <div class=\"elementskit-info-image-box ekit-image-box text-center simple-card\" >\n\n                \n                <div class=\"elementskit-box-header image-box-img-center\">\n\n                    <img decoding=\"async\" width=\"714\" height=\"1000\" src=\"http:\/\/chinese-boxing-institute.de\/wp-content\/uploads\/2024\/04\/Chinese-Boxing-Portraits-17.jpg\" class=\"attachment-full size-full wp-image-16300\" alt=\"\" srcset=\"http:\/\/chinese-boxing-institute.de\/wp-content\/uploads\/2024\/04\/Chinese-Boxing-Portraits-17.jpg 714w, http:\/\/chinese-boxing-institute.de\/wp-content\/uploads\/2024\/04\/Chinese-Boxing-Portraits-17-214x300.jpg 214w\" sizes=\"(max-width: 714px) 100vw, 714px\" \/>\n                <\/div>\n                \n                <div class=\"elementskit-box-body ekit-image-box-body\">\n                    <div class=\"elementskit-box-content ekit-image-box-body-inner\">\n                                                <h3 class=\"elementskit-info-box-title\">\n\n                        Olaf Pachten\n                        \n                    <\/h3>\n                                                            <div class=\"elementskit-box-style-content\">\n                        Instructor Chinese Boxing &amp; Taijiquan<br>\nStil-Schwerpunkt: <br>Taijiquan, Qigong,<br> \nChinese Boxing Synthesis                    <\/div>\n                                    <\/div>\n\n                                <div class=\"elementskit-box-footer\">\n                    <div class=\"box-footer\">\n                        <div class=\"btn-wraper\">\n                                                            <a href=\"http:\/\/chinese-boxing-institute.de\/chinese-boxing-starten\/bonn-bad-godesberg\/\" class=\"elementskit-btn whitespace--normal\">\n                                    \n                                    \n                                    Bonn                                <\/a>\n                                                        <\/div>\n                    <\/div>\n                <\/div>\n                            <\/div>\n            <\/div>\n    <\/div>\t\t<\/div>\n\t\t\t\t<\/div>\n\t\t\t\t\t<\/div>\n\t\t<\/div>\n\t\t\t\t\t<\/div>\n\t\t<\/section>\n\t\t\t\t\t<\/div>\n\t\t<\/div>\n\t\t\t\t\t<\/div>\n\t\t<\/section>\n\t\t\t\t<\/div>","protected":false},"excerpt":{"rendered":"<p>Wir drei haben in verschiedenen Bereichen der Kampfkunst Erfahrungen gesammelt und sind dem Chinesischen Boxen letztlich treu geblieben. Dies hei\u00dft f\u00fcr uns nicht, dass wir Chinesisches Boxen als h\u00f6herwertig oder \u00fcberlegen anpreisen, denn die Diskussion \u00fcber den besten oder erfolgreichsten Stil ist mehr als m\u00fc\u00dfig. Wir freuen uns \u00fcber die gro\u00dfe Bandbreite an M\u00f6glichkeiten und [&hellip;]<\/p>\n","protected":false},"author":2,"featured_media":0,"parent":0,"menu_order":0,"comment_status":"closed","ping_status":"closed","template":"","meta":{"_monsterinsights_skip_tracking":false,"_monsterinsights_sitenote_active":false,"_monsterinsights_sitenote_note":"","_monsterinsights_sitenote_category":0,"footnotes":""},"_links":{"self":[{"href":"http:\/\/chinese-boxing-institute.de\/chinese-boxing-starten\/wp-json\/wp\/v2\/pages\/130"}],"collection":[{"href":"http:\/\/chinese-boxing-institute.de\/chinese-boxing-starten\/wp-json\/wp\/v2\/pages"}],"about":[{"href":"http:\/\/chinese-boxing-institute.de\/chinese-boxing-starten\/wp-json\/wp\/v2\/types\/page"}],"author":[{"embeddable":true,"href":"http:\/\/chinese-boxing-institute.de\/chinese-boxing-starten\/wp-json\/wp\/v2\/users\/2"}],"replies":[{"embeddable":true,"href":"http:\/\/chinese-boxing-institute.de\/chinese-boxing-starten\/wp-json\/wp\/v2\/comments?post=130"}],"version-history":[{"count":43,"href":"http:\/\/chinese-boxing-institute.de\/chinese-boxing-starten\/wp-json\/wp\/v2\/pages\/130\/revisions"}],"predecessor-version":[{"id":16396,"href":"http:\/\/chinese-boxing-institute.de\/chinese-boxing-starten\/wp-json\/wp\/v2\/pages\/130\/revisions\/16396"}],"wp:attachment":[{"href":"http:\/\/chinese-boxing-institute.de\/chinese-boxing-starten\/wp-json\/wp\/v2\/media?parent=130"}],"curies":[{"name":"wp","href":"https:\/\/api.w.org\/{rel}","templated":true}]}}